{"id":1740,"date":"2018-05-29T09:30:33","date_gmt":"2018-05-29T09:30:33","guid":{"rendered":"https:\/\/www.sz-goeggingen.de\/?page_id=1740"},"modified":"2020-04-20T12:29:59","modified_gmt":"2020-04-20T12:29:59","slug":"praktikum","status":"publish","type":"page","link":"https:\/\/www.sz-goeggingen.de\/?page_id=1740","title":{"rendered":"Praktikum"},"content":{"rendered":"<p>[vc_row][vc_column][vc_single_image image=&#8220;1514&#8243; img_size=&#8220;1140&#215;550&#8243;][vc_empty_space height=&#8220;20px&#8220;][\/vc_column][\/vc_row][vc_row][vc_column][vc_column_text]Sie suchen f\u00fcr Schule, Studium oder einfach nur aus Interesse einen Praktikumsplatz? Sie sind sozial engagiert und der Umgang mit \u00e4lteren und pflegebed\u00fcrftigen Menschen macht Ihnen Spa\u00df? Wir und unsere Bewohner freuen uns \u00fcber jede helfende Hand!<\/p>\n<p>Wir bieten die M\u00f6glichkeit ein Praktikum in unserem Haus zu absolvieren. Das Praktikum kann in den <strong><span style=\"color: #aa305d;\">Bereichen Pflege, soziale Betreuung und Hauswirtschaft<\/span><\/strong> absolviert werden.<\/p>\n<p>W\u00e4hrend des Praktikums im Bereich Pflege unterst\u00fctzen Sie uns bei den t\u00e4glichen pflegerischen Verrichtungen f\u00fcr kranke, \u00e4ltere und hilfsbed\u00fcrftiger Menschen. Sollten Sie sich f\u00fcr ein Praktikum im Bereich der sozialen Betreuung interessieren, begleiten und unterst\u00fctzen Sie unser Betreuungsteam bei Einzel- und Gruppenangeboten f\u00fcr unsere Bewohner.<\/p>\n<p>Wenn Sie ein Praktikum im Bereich Hauswirtschaft durchf\u00fchren m\u00f6chten, unterst\u00fctzen Sie uns bei der Essenszubereitung, bei der Zimmerreinigung sowie bei der S\u00e4uberung der W\u00e4sche der Bewohner. Ganz gleich in welchem Bereich Sie ein Praktikum absolvieren m\u00f6chten, Sie helfen anderen und ziehen selbst daraus Gewinn: F\u00fcr Ihre pers\u00f6nliche Entwicklung und Ihre beruflichen Perspektiven.<\/p>\n<p>&nbsp;<\/p>\n<p><span style=\"font-size: large; color: #aa305d;\">Unsere Erwartungen<\/span><\/p>\n<ul>\n<li>Freude am Umgang mit Menschen<\/li>\n<li>Interesse, neue Aufgaben und Berufsfelder kennenzulernen<\/li>\n<\/ul>\n<p>&nbsp;<\/p>\n<p><span style=\"font-size: large; color: #aa305d;\">Unser Angebot<\/span><\/p>\n<ul>\n<li>ein engagiertes und offenes Team<\/li>\n<li>kostenlose Seminare<\/li>\n<li>Teilnahem an internen Fortbildungen<\/li>\n<li>Taschengeld<\/li>\n<li>p\u00e4dagogische Begleitung<\/li>\n<li>zeitlich flexible Gestaltung des Praktikums (oder der Praktika)<\/li>\n<\/ul>\n<p>&nbsp;<\/p>\n<p>Sie f\u00fchlen sich angesprochen? Dann nutzen Sie das untenstehende Formular, um sich zu bewerben oder um noch offene Fragen zu kl\u00e4ren.<\/p>\n<p>&nbsp;<\/p>\n<div class=\"wpcf7 no-js\" id=\"wpcf7-f1111-o1\" lang=\"de-DE\" dir=\"ltr\">\n<div class=\"screen-reader-response\"><p role=\"status\" aria-live=\"polite\" aria-atomic=\"true\"><\/p> <ul><\/ul><\/div>\n<form action=\"\/index.php?rest_route=%2Fwp%2Fv2%2Fpages%2F1740#wpcf7-f1111-o1\" method=\"post\" class=\"wpcf7-form init\" aria-label=\"Kontaktformular\" enctype=\"multipart\/form-data\" novalidate=\"novalidate\" data-status=\"init\">\n<div style=\"display: none;\">\n<input type=\"hidden\" name=\"_wpcf7\" value=\"1111\" \/>\n<input type=\"hidden\" name=\"_wpcf7_version\" value=\"5.8\" \/>\n<input type=\"hidden\" name=\"_wpcf7_locale\" value=\"de_DE\" \/>\n<input type=\"hidden\" name=\"_wpcf7_unit_tag\" value=\"wpcf7-f1111-o1\" \/>\n<input type=\"hidden\" name=\"_wpcf7_container_post\" value=\"0\" \/>\n<input type=\"hidden\" name=\"_wpcf7_posted_data_hash\" value=\"\" \/>\n<\/div>\n<p>Ihr Name (Pflichtfeld)\n<\/p>\n<p><span class=\"wpcf7-form-control-wrap\" data-name=\"your-name\"><input size=\"40\" class=\"wpcf7-form-control wpcf7-text wpcf7-validates-as-required\" aria-required=\"true\" aria-invalid=\"false\" value=\"\" type=\"text\" name=\"your-name\" \/><\/span>\n<\/p>\n<p>telefonisch erreichbar unter\n<\/p>\n<p><span class=\"wpcf7-form-control-wrap\" data-name=\"tel-939\"><input size=\"40\" class=\"wpcf7-form-control wpcf7-tel wpcf7-text wpcf7-validates-as-tel\" aria-invalid=\"false\" value=\"\" type=\"tel\" name=\"tel-939\" \/><\/span>\n<\/p>\n<p>Ihre E-Mail-Adresse (Pflichtfeld)\n<\/p>\n<p><span class=\"wpcf7-form-control-wrap\" data-name=\"your-email\"><input size=\"40\" class=\"wpcf7-form-control wpcf7-email wpcf7-validates-as-required wpcf7-text wpcf7-validates-as-email\" aria-required=\"true\" aria-invalid=\"false\" value=\"\" type=\"email\" name=\"your-email\" \/><\/span>\n<\/p>\n<p>Betreff (Pflichtfeld)\n<\/p>\n<p><span class=\"wpcf7-form-control-wrap\" data-name=\"text-218\"><input size=\"40\" class=\"wpcf7-form-control wpcf7-text wpcf7-validates-as-required\" aria-required=\"true\" aria-invalid=\"false\" value=\"\" type=\"text\" name=\"text-218\" \/><\/span>\n<\/p>\n<p>Ihre Nachricht (Pflichtfeld)\n<\/p>\n<p><span class=\"wpcf7-form-control-wrap\" data-name=\"textarea-977\"><textarea cols=\"40\" rows=\"10\" class=\"wpcf7-form-control wpcf7-textarea wpcf7-validates-as-required\" aria-required=\"true\" aria-invalid=\"false\" name=\"textarea-977\"><\/textarea><\/span>\n<\/p>\n<p><span class=\"wpcf7-form-control-wrap\" data-name=\"Anhang\"><input size=\"40\" class=\"wpcf7-form-control wpcf7-file\" accept=\".jpg,.jpeg,.pdf\" aria-invalid=\"false\" type=\"file\" name=\"Anhang\" \/><\/span>\n<\/p>\n<p><label class=\"checkbox-table\"><span class=\"wpcf7-form-control-wrap\" data-name=\"datenschutz\"><span class=\"wpcf7-form-control wpcf7-checkbox wpcf7-validates-as-required\"><span class=\"wpcf7-list-item first last\"><input type=\"checkbox\" name=\"datenschutz[]\" value=\"\" \/><span class=\"wpcf7-list-item-label\"><\/span><\/span><\/span><\/span><span>Ich habe die <a href=\"https:\/\/www.sz-goeggingen.de\/datenschutzerklaerung\/\" target=\"_blank\">Datenschutzerkl\u00e4rung<\/a> zur Kenntnis genommen. Ich stimme zu, dass meine Angaben zur Kontaktaufnahme und f\u00fcr R\u00fcckfragen dauerhaft gespeichert werden. Sie k\u00f6nnen Ihre Einwilligung jederzeit f\u00fcr die Zukunft per Mail an <a href=\"mailto:info@sz-goeggingen.de\">info@sz-goeggingen.de<\/a> widerrufen.<\/span><\/label>\n<\/p>\n<p><input class=\"wpcf7-form-control wpcf7-submit has-spinner\" type=\"submit\" value=\"Senden\" \/>\n<\/p><div class=\"wpcf7-response-output\" aria-hidden=\"true\"><\/div>\n<\/form>\n<\/div>\n[\/vc_column_text][\/vc_column][\/vc_row]<\/p>\n","protected":false},"excerpt":{"rendered":"<p>[vc_row][vc_column][vc_single_image image=&#8220;1514&#8243; img_size=&#8220;1140&#215;550&#8243;][vc_empty_space height=&#8220;20px&#8220;][\/vc_column][\/vc_row][vc_row][vc_column][vc_column_text]Sie suchen f\u00fcr Schule, Studium oder einfach nur aus Interesse einen Praktikumsplatz? Sie sind sozial engagiert und der Umgang mit \u00e4lteren und pflegebed\u00fcrftigen Menschen macht Ihnen Spa\u00df? Wir und unsere Bewohner freuen uns \u00fcber jede helfende Hand! Wir bieten die M\u00f6glichkeit ein Praktikum in unserem Haus zu absolvieren. Das Praktikum kann in [&hellip;]<\/p>\n","protected":false},"author":9,"featured_media":1514,"parent":500,"menu_order":3,"comment_status":"closed","ping_status":"closed","template":"page-tpl_left_sidebar.php","meta":[],"_links":{"self":[{"href":"https:\/\/www.sz-goeggingen.de\/index.php?rest_route=\/wp\/v2\/pages\/1740"}],"collection":[{"href":"https:\/\/www.sz-goeggingen.de\/index.php?rest_route=\/wp\/v2\/pages"}],"about":[{"href":"https:\/\/www.sz-goeggingen.de\/index.php?rest_route=\/wp\/v2\/types\/page"}],"author":[{"embeddable":true,"href":"https:\/\/www.sz-goeggingen.de\/index.php?rest_route=\/wp\/v2\/users\/9"}],"replies":[{"embeddable":true,"href":"https:\/\/www.sz-goeggingen.de\/index.php?rest_route=%2Fwp%2Fv2%2Fcomments&post=1740"}],"version-history":[{"count":5,"href":"https:\/\/www.sz-goeggingen.de\/index.php?rest_route=\/wp\/v2\/pages\/1740\/revisions"}],"predecessor-version":[{"id":1750,"href":"https:\/\/www.sz-goeggingen.de\/index.php?rest_route=\/wp\/v2\/pages\/1740\/revisions\/1750"}],"up":[{"embeddable":true,"href":"https:\/\/www.sz-goeggingen.de\/index.php?rest_route=\/wp\/v2\/pages\/500"}],"wp:featuredmedia":[{"embeddable":true,"href":"https:\/\/www.sz-goeggingen.de\/index.php?rest_route=\/wp\/v2\/media\/1514"}],"wp:attachment":[{"href":"https:\/\/www.sz-goeggingen.de\/index.php?rest_route=%2Fwp%2Fv2%2Fmedia&parent=1740"}],"curies":[{"name":"wp","href":"https:\/\/api.w.org\/{rel}","templated":true}]}}