{"id":2062,"date":"2021-11-10T09:24:28","date_gmt":"2021-11-10T09:24:28","guid":{"rendered":"https:\/\/www.sz-goeggingen.de\/?page_id=2062"},"modified":"2024-04-26T06:51:32","modified_gmt":"2024-04-26T06:51:32","slug":"cafe","status":"publish","type":"page","link":"https:\/\/www.sz-goeggingen.de\/?page_id=2062","title":{"rendered":"Caf\u00e9"},"content":{"rendered":"<p>[vc_row][vc_column][vc_gallery interval=&#8220;5&#8243; images=&#8220;2299,2307,2302,2303,2295,2298,2304,2308,2365,2310,2305,2366,2306,2311,2312,2309,2313&#8243; img_size=&#8220;900&#215;662&#8243; title=&#8220;Herzlich Willkommen&#8220;][\/vc_column][\/vc_row][vc_row][vc_column][vc_empty_space height=&#8220;50px&#8220;][\/vc_column][\/vc_row][vc_row][vc_column][vc_column_text]<\/p>\n<h4><span style=\"color: #aa305d;\">Unser sch\u00f6nes Caf\u00e9 hat er\u00f6ffnet<\/span><\/h4>\n<p>Liebe G\u00e4ste,<\/p>\n<p>mit unserem \u201eCaf\u00e9 Steingau\u201c m\u00f6chten wir den Bewohnerinnen und Bewohnern des Seniorenzentrums sowie den B\u00fcrgerinnen und B\u00fcrgern von G\u00f6ggingen und Umgebung eine \u201ePlattform\u201c zur Begegnung mit Genuss bieten.<\/p>\n<p>Genie\u00dfen Sie die Zeit bei erfrischenden oder warmen Getr\u00e4nken, bei Kuchen, Eis oder unseren Speiseangeboten.<\/p>\n<p>Gerne sind wir auch f\u00fcr besondere Anl\u00e4sse wie beispielsweise Geburtstage, Jubil\u00e4en, Klassentreffen, Trauercaf\u00e9 etc. f\u00fcr Sie da.<\/p>\n<p>Besuchen Sie uns doch einfach mal zu den unten genannten \u00d6ffnungszeiten und machen sich selbst ein Bild von unserem sch\u00f6nen Caf\u00e9. Wir freuen uns auf Sie!<\/p>\n<p>Ihr Team vom Caf\u00e9 Steingau<\/p>\n<p><strong>Kontakt<\/strong><br \/>\nCaf\u00e9 Steingau<br \/>\nTel 07175-92300 280<br \/>\ninfo@sz-goeggingen.de<br \/>\nwww.sz-goeggingen.de<\/p>\n<p>&nbsp;<\/p>\n<h2><strong>Unsere neue Website vom Cafe-Steingau:<\/strong> <a href=\"https:\/\/www.cafe-steingau.de\/\"><strong>www.cafe-steingau.de<\/strong><\/a><\/h2>\n<p>[\/vc_column_text][\/vc_column][\/vc_row]<\/p>\n","protected":false},"excerpt":{"rendered":"<p>[vc_row][vc_column][vc_gallery interval=&#8220;5&#8243; images=&#8220;2299,2307,2302,2303,2295,2298,2304,2308,2365,2310,2305,2366,2306,2311,2312,2309,2313&#8243; img_size=&#8220;900&#215;662&#8243; title=&#8220;Herzlich Willkommen&#8220;][\/vc_column][\/vc_row][vc_row][vc_column][vc_empty_space height=&#8220;50px&#8220;][\/vc_column][\/vc_row][vc_row][vc_column][vc_column_text] Unser sch\u00f6nes Caf\u00e9 hat er\u00f6ffnet Liebe G\u00e4ste, mit unserem \u201eCaf\u00e9 Steingau\u201c m\u00f6chten wir den Bewohnerinnen und Bewohnern des Seniorenzentrums sowie den B\u00fcrgerinnen und B\u00fcrgern von G\u00f6ggingen und Umgebung eine \u201ePlattform\u201c zur Begegnung mit Genuss bieten. Genie\u00dfen Sie die Zeit bei erfrischenden oder warmen Getr\u00e4nken, bei Kuchen, Eis oder [&hellip;]<\/p>\n","protected":false},"author":8,"featured_media":2068,"parent":19,"menu_order":0,"comment_status":"closed","ping_status":"closed","template":"page-tpl_left_sidebar.php","meta":[],"_links":{"self":[{"href":"https:\/\/www.sz-goeggingen.de\/index.php?rest_route=\/wp\/v2\/pages\/2062"}],"collection":[{"href":"https:\/\/www.sz-goeggingen.de\/index.php?rest_route=\/wp\/v2\/pages"}],"about":[{"href":"https:\/\/www.sz-goeggingen.de\/index.php?rest_route=\/wp\/v2\/types\/page"}],"author":[{"embeddable":true,"href":"https:\/\/www.sz-goeggingen.de\/index.php?rest_route=\/wp\/v2\/users\/8"}],"replies":[{"embeddable":true,"href":"https:\/\/www.sz-goeggingen.de\/index.php?rest_route=%2Fwp%2Fv2%2Fcomments&post=2062"}],"version-history":[{"count":146,"href":"https:\/\/www.sz-goeggingen.de\/index.php?rest_route=\/wp\/v2\/pages\/2062\/revisions"}],"predecessor-version":[{"id":2629,"href":"https:\/\/www.sz-goeggingen.de\/index.php?rest_route=\/wp\/v2\/pages\/2062\/revisions\/2629"}],"up":[{"embeddable":true,"href":"https:\/\/www.sz-goeggingen.de\/index.php?rest_route=\/wp\/v2\/pages\/19"}],"wp:featuredmedia":[{"embeddable":true,"href":"https:\/\/www.sz-goeggingen.de\/index.php?rest_route=\/wp\/v2\/media\/2068"}],"wp:attachment":[{"href":"https:\/\/www.sz-goeggingen.de\/index.php?rest_route=%2Fwp%2Fv2%2Fmedia&parent=2062"}],"curies":[{"name":"wp","href":"https:\/\/api.w.org\/{rel}","templated":true}]}}