{"id":23,"date":"2016-02-13T14:11:26","date_gmt":"2016-02-13T14:11:26","guid":{"rendered":"http:\/\/demo.djmimi.net\/themes\/industry\/?page_id=23"},"modified":"2021-10-07T08:18:20","modified_gmt":"2021-10-07T08:18:20","slug":"vollstationaere-pflege","status":"publish","type":"page","link":"https:\/\/www.sz-goeggingen.de\/?page_id=23","title":{"rendered":"Vollstation\u00e4re Pflege"},"content":{"rendered":"<p>[vc_row][vc_column][vc_single_image image=&#8220;1526&#8243; img_size=&#8220;1140&#215;550&#8243;][\/vc_column][\/vc_row][vc_row css=&#8220;.vc_custom_1455449271627{margin-top: 30px !important;}&#8220;][vc_column][vc_column_text]<\/p>\n<h4><span style=\"color: #aa305d;\">Das \u201eSeniorenzentrum G\u00f6ggingen\u201c bietet im Rahmen der vollstation\u00e4ren Pflege mit seinen Dienstleistungen eine \u201eRund-um-die-Uhr-Versorgung\u201c an.<\/span><\/h4>\n<p>Vollstation\u00e4re Pflege ist dann eine Alternative, wenn h\u00e4usliche oder teilstation\u00e4re Pflege nicht mehr m\u00f6glich sind.<\/p>\n<p>Die ganzheitliche Versorgung nimmt bei der vollstation\u00e4ren Pflege einen hohen Stellenwert ein. Diese wird von unseren Pflegekr\u00e4ften umgesetzt und beinhaltet unter anderem folgende Punkte:<\/p>\n<ol>\n<li>Grundpflege (z. B.\u00a0 K\u00f6rperpflege, Hilfestellung bei der Nahrungsaufnahme und Mobilit\u00e4t, Sturzprophylaxe, F\u00f6rderung von Eigenst\u00e4ndigkeit und Kommunikation<\/li>\n<li>Behandlungspflege (medizinische Leistungen, z. B. Verabreichen der Medikation, Wundversorgung)<\/li>\n<li>Betreuung (z. B. Unterst\u00fctzung bei der pers\u00f6nlichen Lebensf\u00fchrung und Tages- und Freizeitgestaltung)<\/li>\n<\/ol>\n<p>Entsprechend unseres Pflegekonzeptes gliedert sich unser Haus in G\u00f6ggingen in vier Pflegewohnbereiche. Diese sind jeweils mit einem gem\u00fctlichen Aufenthaltsraum, in dem verschiedene Betreuungsaktivit\u00e4ten stattfinden, einem Pflegebad mit h\u00f6henverstellbarer Pflegewanne und einer Pflegedusche ausgestattet.<\/p>\n<p>Die Bewohner haben die M\u00f6glichkeit an diesen Aktivit\u00e4ten teilzunehmen, sich zur\u00fcckzuziehen oder ihrem eigenen Bewegungsbed\u00fcrfnis nachzugehen.<\/p>\n<p>Des Weiteren spielt die medizinische Behandlungspflege in unseren Einrichtungen eine wichtige Rolle. Diese Pflege wird bei uns von Pflegefachkr\u00e4ften aus der Gesundheits- und Krankenpflege und Altenpflege durchgef\u00fchrt. Hierunter fallen beispielsweise Wundversorgung, Verbandswechsel, Medikamentengabe oder auch Blutdruck- und Blutzuckermessung.<\/p>\n<p>Falls Sie weitere Informationen bez\u00fcglich eines m\u00f6glichen Einzugs ben\u00f6tigen, finden Sie diese unter dem Reiter <a href=\"https:\/\/www.sz-goeggingen.de\/about-us\/\">&#8222;Downloads&#8220;<\/a>. F\u00fcr den Fall, dass wir Sie bereits von uns \u00fcberzeugt haben, k\u00f6nnen Sie gerne \u00fcber das untenstehende Kontaktformular eine Anfrage zu einem Pflegeplatz stellen.<\/p>\n<p>&nbsp;<\/p>\n<div class=\"wpcf7 no-js\" id=\"wpcf7-f472-o1\" lang=\"de-DE\" dir=\"ltr\">\n<div class=\"screen-reader-response\"><p role=\"status\" aria-live=\"polite\" aria-atomic=\"true\"><\/p> <ul><\/ul><\/div>\n<form action=\"\/index.php?rest_route=%2Fwp%2Fv2%2Fpages%2F23#wpcf7-f472-o1\" method=\"post\" class=\"wpcf7-form init\" aria-label=\"Kontaktformular\" enctype=\"multipart\/form-data\" novalidate=\"novalidate\" data-status=\"init\">\n<div style=\"display: none;\">\n<input type=\"hidden\" name=\"_wpcf7\" value=\"472\" \/>\n<input type=\"hidden\" name=\"_wpcf7_version\" value=\"5.8\" \/>\n<input type=\"hidden\" name=\"_wpcf7_locale\" value=\"de_DE\" \/>\n<input type=\"hidden\" name=\"_wpcf7_unit_tag\" value=\"wpcf7-f472-o1\" \/>\n<input type=\"hidden\" name=\"_wpcf7_container_post\" value=\"0\" \/>\n<input type=\"hidden\" name=\"_wpcf7_posted_data_hash\" value=\"\" \/>\n<\/div>\n<p>Ihr Name (Pflichtfeld)\n<\/p>\n<p><span class=\"wpcf7-form-control-wrap\" data-name=\"your-name\"><input size=\"40\" class=\"wpcf7-form-control wpcf7-text wpcf7-validates-as-required\" aria-required=\"true\" aria-invalid=\"false\" value=\"\" type=\"text\" name=\"your-name\" \/><\/span>\n<\/p>\n<p>Ihre E-Mail-Adresse (Pflichtfeld)\n<\/p>\n<p><span class=\"wpcf7-form-control-wrap\" data-name=\"your-email\"><input size=\"40\" class=\"wpcf7-form-control wpcf7-email wpcf7-validates-as-required wpcf7-text wpcf7-validates-as-email\" aria-required=\"true\" aria-invalid=\"false\" value=\"\" type=\"email\" name=\"your-email\" \/><\/span>\n<\/p>\n<p>Ihre Telefonnummer (Pflichtfeld)\n<\/p>\n<p><span class=\"wpcf7-form-control-wrap\" data-name=\"your-phone\"><input size=\"40\" class=\"wpcf7-form-control wpcf7-text wpcf7-validates-as-required\" aria-required=\"true\" aria-invalid=\"false\" value=\"\" type=\"text\" name=\"your-phone\" \/><\/span>\n<\/p>\n<p>Pflegeplatzanfrage f\u00fcr Frau\/Herrn\n<\/p>\n<p><span class=\"wpcf7-form-control-wrap\" data-name=\"your-subject\"><input size=\"40\" class=\"wpcf7-form-control wpcf7-text\" aria-invalid=\"false\" value=\"\" type=\"text\" name=\"your-subject\" \/><\/span>\n<\/p>\n<p>Kurzzeitpflege von-bis \/ vollstation\u00e4re Pflege ab (Pflichtfeld)\n<\/p>\n<p><span class=\"wpcf7-form-control-wrap\" data-name=\"text-145\"><input size=\"40\" class=\"wpcf7-form-control wpcf7-text wpcf7-validates-as-required\" aria-required=\"true\" aria-invalid=\"false\" value=\"\" type=\"text\" name=\"text-145\" \/><\/span>\n<\/p>\n<p>Ihre Nachricht \/ Beschreibung der Situation (Pflichtfeld)\n<\/p>\n<p><span class=\"wpcf7-form-control-wrap\" data-name=\"textarea-859\"><textarea cols=\"40\" rows=\"10\" class=\"wpcf7-form-control wpcf7-textarea wpcf7-validates-as-required\" aria-required=\"true\" aria-invalid=\"false\" name=\"textarea-859\"><\/textarea><\/span>\n<\/p>\n<p><span class=\"wpcf7-form-control-wrap\" data-name=\"Anhang\"><input size=\"40\" class=\"wpcf7-form-control wpcf7-file\" accept=\".jpg,.jpeg,.pdf\" aria-invalid=\"false\" type=\"file\" name=\"Anhang\" \/><\/span>\n<\/p>\n<p><label class=\"checkbox-table\"><span class=\"wpcf7-form-control-wrap\" data-name=\"datenschutz\"><span class=\"wpcf7-form-control wpcf7-checkbox wpcf7-validates-as-required\"><span class=\"wpcf7-list-item first last\"><input type=\"checkbox\" name=\"datenschutz[]\" value=\"\" \/><span class=\"wpcf7-list-item-label\"><\/span><\/span><\/span><\/span><span>Ich habe die <a href=\"https:\/\/www.sz-goeggingen.de\/datenschutzerklaerung\/\" target=\"_blank\">Datenschutzerkl\u00e4rung<\/a> zur Kenntnis genommen. Ich stimme zu, dass meine Angaben zur Kontaktaufnahme und f\u00fcr R\u00fcckfragen dauerhaft gespeichert werden. Sie k\u00f6nnen Ihre Einwilligung jederzeit f\u00fcr die Zukunft per Mail an <a href=\"mailto:info@sz-goeggingen.de\">info@sz-goeggingen.de<\/a> widerrufen.<\/span><\/label>\n<\/p>\n<p><input class=\"wpcf7-form-control wpcf7-submit has-spinner\" type=\"submit\" value=\"Senden\" \/>\n<\/p><div class=\"wpcf7-response-output\" aria-hidden=\"true\"><\/div>\n<\/form>\n<\/div>\n[\/vc_column_text][\/vc_column][\/vc_row]<\/p>\n","protected":false},"excerpt":{"rendered":"<p>[vc_row][vc_column][vc_single_image image=&#8220;1526&#8243; img_size=&#8220;1140&#215;550&#8243;][\/vc_column][\/vc_row][vc_row css=&#8220;.vc_custom_1455449271627{margin-top: 30px !important;}&#8220;][vc_column][vc_column_text] Das \u201eSeniorenzentrum G\u00f6ggingen\u201c bietet im Rahmen der vollstation\u00e4ren Pflege mit seinen Dienstleistungen eine \u201eRund-um-die-Uhr-Versorgung\u201c an. Vollstation\u00e4re Pflege ist dann eine Alternative, wenn h\u00e4usliche oder teilstation\u00e4re Pflege nicht mehr m\u00f6glich sind. Die ganzheitliche Versorgung nimmt bei der vollstation\u00e4ren Pflege einen hohen Stellenwert ein. Diese wird von unseren Pflegekr\u00e4ften umgesetzt und [&hellip;]<\/p>\n","protected":false},"author":2,"featured_media":1526,"parent":19,"menu_order":0,"comment_status":"closed","ping_status":"closed","template":"page-tpl_left_sidebar.php","meta":[],"_links":{"self":[{"href":"https:\/\/www.sz-goeggingen.de\/index.php?rest_route=\/wp\/v2\/pages\/23"}],"collection":[{"href":"https:\/\/www.sz-goeggingen.de\/index.php?rest_route=\/wp\/v2\/pages"}],"about":[{"href":"https:\/\/www.sz-goeggingen.de\/index.php?rest_route=\/wp\/v2\/types\/page"}],"author":[{"embeddable":true,"href":"https:\/\/www.sz-goeggingen.de\/index.php?rest_route=\/wp\/v2\/users\/2"}],"replies":[{"embeddable":true,"href":"https:\/\/www.sz-goeggingen.de\/index.php?rest_route=%2Fwp%2Fv2%2Fcomments&post=23"}],"version-history":[{"count":8,"href":"https:\/\/www.sz-goeggingen.de\/index.php?rest_route=\/wp\/v2\/pages\/23\/revisions"}],"predecessor-version":[{"id":1966,"href":"https:\/\/www.sz-goeggingen.de\/index.php?rest_route=\/wp\/v2\/pages\/23\/revisions\/1966"}],"up":[{"embeddable":true,"href":"https:\/\/www.sz-goeggingen.de\/index.php?rest_route=\/wp\/v2\/pages\/19"}],"wp:featuredmedia":[{"embeddable":true,"href":"https:\/\/www.sz-goeggingen.de\/index.php?rest_route=\/wp\/v2\/media\/1526"}],"wp:attachment":[{"href":"https:\/\/www.sz-goeggingen.de\/index.php?rest_route=%2Fwp%2Fv2%2Fmedia&parent=23"}],"curies":[{"name":"wp","href":"https:\/\/api.w.org\/{rel}","templated":true}]}}