{"id":27,"date":"2016-02-13T14:12:59","date_gmt":"2016-02-13T14:12:59","guid":{"rendered":"http:\/\/demo.djmimi.net\/themes\/industry\/?page_id=27"},"modified":"2024-05-29T09:30:10","modified_gmt":"2024-05-29T09:30:10","slug":"kurzzeitpflege","status":"publish","type":"page","link":"https:\/\/www.sz-goeggingen.de\/?page_id=27","title":{"rendered":"Kurzzeit- und Verhinderungspflege"},"content":{"rendered":"<p>[vc_row][vc_column][vc_single_image image=&#8220;1533&#8243; img_size=&#8220;1140&#215;550&#8243;][\/vc_column][\/vc_row][vc_row][vc_column][vc_empty_space][\/vc_column][\/vc_row][vc_row][vc_column][vc_column_text]<\/p>\n<h4><span style=\"color: #aa305d;\">Unser \u201eSeniorenzentrum G\u00f6ggingen\u201c bietet die M\u00f6glichkeit der Kurzzeitunterbringung an.<\/span><\/h4>\n<p>Die station\u00e4re Kurzzeitpflege nach \u00a7 42 SGB XI ist f\u00fcr Pflegebed\u00fcrftige, sowie f\u00fcr Patienten der Krankenhausnachsorge gedacht, die f\u00fcr kurze Zeit, auf eine vollstation\u00e4re Pflege angewiesen sind.<\/p>\n<p>Die station\u00e4re Verhinderungspflege ist nach \u00a7 39 SGB XI daf\u00fcr gedacht, bei Verhinderung des pflegenden Angeh\u00f6rigen einen Aufenthalt in einer vollstation\u00e4ren Einrichtung zu erm\u00f6glichen. Hierbei gilt es besondere Anspr\u00fcche zu pr\u00fcfen &#8211; bitte kl\u00e4ren Sie die Anspruchsberechtigung im Voraus mit Ihrer zust\u00e4ndigen Pflege- bzw. Krankenkasse.<\/p>\n<p>Bei einem Aufenthalt in unserer Einrichtung im Rahmen einer Kurzzeit- oder Verhinderungspflege \u00fcbernehmen die Pflegekassen die Kosten f\u00fcr die anfallenden Pflegeleistungen. Leistungen f\u00fcr Unterkunft, Verpflegung und Investitionskosten werden hierbei nicht ber\u00fccksichtigt.<\/p>\n<p>Der nicht verbrauchte Leistungsbetrag f\u00fcr Verhinderungspflege kann auch f\u00fcr Leistungen der Kurzzeitpflege eingesetzt und somit von bis zu vier bis auf acht Wochen erh\u00f6ht werden. Ebenso kann auf Betreuungs- und Entlastungsleistungen zur\u00fcckgegriffen werden. Bitte kl\u00e4ren Sie diese Anspr\u00fcche vorab mit Ihrer Kranken- bzw. Pflegekasse ab.<\/p>\n<p>Die Leistungen f\u00fcr die Kurzzeitpflege sowie f\u00fcr die Verhinderungspflege sind identisch mit dem Leistungsangebot der vollstation\u00e4ren Pflege. Die zu betreuenden Personen werden vollst\u00e4ndig in den Tagesablauf unseres Hauses integriert.<\/p>\n<p>Bei weiteren Fragen zu einer Kurzzeit- oder Verhinderungspflege\u00a0 in unserem \u201eSeniorenzentrum G\u00f6ggingen\u201c, steht Ihnen gerne unser Bewohner- und Angeh\u00f6rigenservice zur Verf\u00fcgung! Falls wir Sie bereits von uns \u00fcberzeugt haben, k\u00f6nnen Sie \u00fcber das untenstehende Kontaktformular gerne auch direkt eine Anfrage stellen. Wir freuen uns auf Ihre Anfrage!<\/p>\n<p>&nbsp;<\/p>\n<div class=\"wpcf7 no-js\" id=\"wpcf7-f472-o1\" lang=\"de-DE\" dir=\"ltr\">\n<div class=\"screen-reader-response\"><p role=\"status\" aria-live=\"polite\" aria-atomic=\"true\"><\/p> <ul><\/ul><\/div>\n<form action=\"\/index.php?rest_route=%2Fwp%2Fv2%2Fpages%2F27#wpcf7-f472-o1\" method=\"post\" class=\"wpcf7-form init\" aria-label=\"Kontaktformular\" enctype=\"multipart\/form-data\" novalidate=\"novalidate\" data-status=\"init\">\n<div style=\"display: none;\">\n<input type=\"hidden\" name=\"_wpcf7\" value=\"472\" \/>\n<input type=\"hidden\" name=\"_wpcf7_version\" value=\"5.8\" \/>\n<input type=\"hidden\" name=\"_wpcf7_locale\" value=\"de_DE\" \/>\n<input type=\"hidden\" name=\"_wpcf7_unit_tag\" value=\"wpcf7-f472-o1\" \/>\n<input type=\"hidden\" name=\"_wpcf7_container_post\" value=\"0\" \/>\n<input type=\"hidden\" name=\"_wpcf7_posted_data_hash\" value=\"\" \/>\n<\/div>\n<p>Ihr Name (Pflichtfeld)\n<\/p>\n<p><span class=\"wpcf7-form-control-wrap\" data-name=\"your-name\"><input size=\"40\" class=\"wpcf7-form-control wpcf7-text wpcf7-validates-as-required\" aria-required=\"true\" aria-invalid=\"false\" value=\"\" type=\"text\" name=\"your-name\" \/><\/span>\n<\/p>\n<p>Ihre E-Mail-Adresse (Pflichtfeld)\n<\/p>\n<p><span class=\"wpcf7-form-control-wrap\" data-name=\"your-email\"><input size=\"40\" class=\"wpcf7-form-control wpcf7-email wpcf7-validates-as-required wpcf7-text wpcf7-validates-as-email\" aria-required=\"true\" aria-invalid=\"false\" value=\"\" type=\"email\" name=\"your-email\" \/><\/span>\n<\/p>\n<p>Ihre Telefonnummer (Pflichtfeld)\n<\/p>\n<p><span class=\"wpcf7-form-control-wrap\" data-name=\"your-phone\"><input size=\"40\" class=\"wpcf7-form-control wpcf7-text wpcf7-validates-as-required\" aria-required=\"true\" aria-invalid=\"false\" value=\"\" type=\"text\" name=\"your-phone\" \/><\/span>\n<\/p>\n<p>Pflegeplatzanfrage f\u00fcr Frau\/Herrn\n<\/p>\n<p><span class=\"wpcf7-form-control-wrap\" data-name=\"your-subject\"><input size=\"40\" class=\"wpcf7-form-control wpcf7-text\" aria-invalid=\"false\" value=\"\" type=\"text\" name=\"your-subject\" \/><\/span>\n<\/p>\n<p>Kurzzeitpflege von-bis \/ vollstation\u00e4re Pflege ab (Pflichtfeld)\n<\/p>\n<p><span class=\"wpcf7-form-control-wrap\" data-name=\"text-145\"><input size=\"40\" class=\"wpcf7-form-control wpcf7-text wpcf7-validates-as-required\" aria-required=\"true\" aria-invalid=\"false\" value=\"\" type=\"text\" name=\"text-145\" \/><\/span>\n<\/p>\n<p>Ihre Nachricht \/ Beschreibung der Situation (Pflichtfeld)\n<\/p>\n<p><span class=\"wpcf7-form-control-wrap\" data-name=\"textarea-859\"><textarea cols=\"40\" rows=\"10\" class=\"wpcf7-form-control wpcf7-textarea wpcf7-validates-as-required\" aria-required=\"true\" aria-invalid=\"false\" name=\"textarea-859\"><\/textarea><\/span>\n<\/p>\n<p><span class=\"wpcf7-form-control-wrap\" data-name=\"Anhang\"><input size=\"40\" class=\"wpcf7-form-control wpcf7-file\" accept=\".jpg,.jpeg,.pdf\" aria-invalid=\"false\" type=\"file\" name=\"Anhang\" \/><\/span>\n<\/p>\n<p><label class=\"checkbox-table\"><span class=\"wpcf7-form-control-wrap\" data-name=\"datenschutz\"><span class=\"wpcf7-form-control wpcf7-checkbox wpcf7-validates-as-required\"><span class=\"wpcf7-list-item first last\"><input type=\"checkbox\" name=\"datenschutz[]\" value=\"\" \/><span class=\"wpcf7-list-item-label\"><\/span><\/span><\/span><\/span><span>Ich habe die <a href=\"https:\/\/www.sz-goeggingen.de\/datenschutzerklaerung\/\" target=\"_blank\">Datenschutzerkl\u00e4rung<\/a> zur Kenntnis genommen. Ich stimme zu, dass meine Angaben zur Kontaktaufnahme und f\u00fcr R\u00fcckfragen dauerhaft gespeichert werden. Sie k\u00f6nnen Ihre Einwilligung jederzeit f\u00fcr die Zukunft per Mail an <a href=\"mailto:info@sz-goeggingen.de\">info@sz-goeggingen.de<\/a> widerrufen.<\/span><\/label>\n<\/p>\n<p><input class=\"wpcf7-form-control wpcf7-submit has-spinner\" type=\"submit\" value=\"Senden\" \/>\n<\/p><div class=\"wpcf7-response-output\" aria-hidden=\"true\"><\/div>\n<\/form>\n<\/div>\n[\/vc_column_text][\/vc_column][\/vc_row]<\/p>\n","protected":false},"excerpt":{"rendered":"<p>[vc_row][vc_column][vc_single_image image=&#8220;1533&#8243; img_size=&#8220;1140&#215;550&#8243;][\/vc_column][\/vc_row][vc_row][vc_column][vc_empty_space][\/vc_column][\/vc_row][vc_row][vc_column][vc_column_text] Unser \u201eSeniorenzentrum G\u00f6ggingen\u201c bietet die M\u00f6glichkeit der Kurzzeitunterbringung an. Die station\u00e4re Kurzzeitpflege nach \u00a7 42 SGB XI ist f\u00fcr Pflegebed\u00fcrftige, sowie f\u00fcr Patienten der Krankenhausnachsorge gedacht, die f\u00fcr kurze Zeit, auf eine vollstation\u00e4re Pflege angewiesen sind. Die station\u00e4re Verhinderungspflege ist nach \u00a7 39 SGB XI daf\u00fcr gedacht, bei Verhinderung des pflegenden Angeh\u00f6rigen [&hellip;]<\/p>\n","protected":false},"author":2,"featured_media":1525,"parent":19,"menu_order":0,"comment_status":"closed","ping_status":"closed","template":"page-tpl_left_sidebar.php","meta":[],"_links":{"self":[{"href":"https:\/\/www.sz-goeggingen.de\/index.php?rest_route=\/wp\/v2\/pages\/27"}],"collection":[{"href":"https:\/\/www.sz-goeggingen.de\/index.php?rest_route=\/wp\/v2\/pages"}],"about":[{"href":"https:\/\/www.sz-goeggingen.de\/index.php?rest_route=\/wp\/v2\/types\/page"}],"author":[{"embeddable":true,"href":"https:\/\/www.sz-goeggingen.de\/index.php?rest_route=\/wp\/v2\/users\/2"}],"replies":[{"embeddable":true,"href":"https:\/\/www.sz-goeggingen.de\/index.php?rest_route=%2Fwp%2Fv2%2Fcomments&post=27"}],"version-history":[{"count":11,"href":"https:\/\/www.sz-goeggingen.de\/index.php?rest_route=\/wp\/v2\/pages\/27\/revisions"}],"predecessor-version":[{"id":2642,"href":"https:\/\/www.sz-goeggingen.de\/index.php?rest_route=\/wp\/v2\/pages\/27\/revisions\/2642"}],"up":[{"embeddable":true,"href":"https:\/\/www.sz-goeggingen.de\/index.php?rest_route=\/wp\/v2\/pages\/19"}],"wp:featuredmedia":[{"embeddable":true,"href":"https:\/\/www.sz-goeggingen.de\/index.php?rest_route=\/wp\/v2\/media\/1525"}],"wp:attachment":[{"href":"https:\/\/www.sz-goeggingen.de\/index.php?rest_route=%2Fwp%2Fv2%2Fmedia&parent=27"}],"curies":[{"name":"wp","href":"https:\/\/api.w.org\/{rel}","templated":true}]}}