{"id":488,"date":"2016-04-13T12:00:57","date_gmt":"2016-04-13T12:00:57","guid":{"rendered":"https:\/\/www.sz-goeggingen.de\/?page_id=488"},"modified":"2024-05-29T11:51:30","modified_gmt":"2024-05-29T11:51:30","slug":"teams","status":"publish","type":"page","link":"https:\/\/www.sz-goeggingen.de\/?page_id=488","title":{"rendered":"Unsere Mitarbeiter"},"content":{"rendered":"<p>[vc_row][vc_column][vc_single_image image=&#8220;1505&#8243; img_size=&#8220;1140&#215;650&#8243;][vc_empty_space][\/vc_column][\/vc_row][vc_row][vc_column width=&#8220;1\/3&#8243;]\r\n\t\t<div class=\"team-member clearfix\">\r\n\t\t\t<div class=\"team-member-avatar\">\r\n\t\t\t\t<img width=\"1000\" height=\"667\" src=\"https:\/\/www.sz-goeggingen.de\/wp-content\/uploads\/2018\/02\/at60-e1519052173420.jpg\" class=\"attachment-full size-full\" alt=\"\" decoding=\"async\" loading=\"lazy\" \/>\r\n\t\t\t\t\r\n\t\t\t<\/div>\r\n\t\t\t<div class=\"team-member-caption\">\r\n\t\t\t\t<h5>Pflege<\/h5>\r\n\t\t\t\t\r\n\t\t\t\t<p class=\"description\">Unsere Mitarbeiter der Pflege sorgen sich rund um die Uhr um unsere Bewohner und deren W\u00fcnsche. Durch eine fachgerechte Ausbildung in der Altenpflege versuchen sie unseren Bewohnern einen m\u00f6glichst sorgenfreien und ausgeglichenen Alltag zu erm\u00f6glichen. Dabei wird unseren Bewohnern die M\u00f6glichkeit gegeben ihre F\u00e4higkeiten gezielt einzusetzen und diese zu f\u00f6rdern.<\/p>\r\n\t\t\t<\/div>\r\n\t\t<\/div>[\/vc_column][vc_column width=&#8220;1\/3&#8243;]\r\n\t\t<div class=\"team-member clearfix\">\r\n\t\t\t<div class=\"team-member-avatar\">\r\n\t\t\t\t<img width=\"1000\" height=\"667\" src=\"https:\/\/www.sz-goeggingen.de\/wp-content\/uploads\/2018\/02\/at64-e1519052189370.jpg\" class=\"attachment-full size-full\" alt=\"\" decoding=\"async\" loading=\"lazy\" \/>\r\n\t\t\t\t\r\n\t\t\t<\/div>\r\n\t\t\t<div class=\"team-member-caption\">\r\n\t\t\t\t<h5>Betreuung<\/h5>\r\n\t\t\t\t\r\n\t\t\t\t<p class=\"description\">Unser Betreuungsteam bietet mehrmals t\u00e4glich Einzel- und Gruppenangebote auf jedem Wohnbereich an. Das Betreuungsangebot umfasst u. a. Bewegungsangebote, kognitives Training, Spazierg\u00e4nge, Gruppenspiele, gemeinsames Basteln, tiergest\u00fctzte Aktivierungen und Wohlf\u00fchlmassagen.<\/p>\r\n\t\t\t<\/div>\r\n\t\t<\/div>[\/vc_column][vc_column width=&#8220;1\/3&#8243;]\r\n\t\t<div class=\"team-member clearfix\">\r\n\t\t\t<div class=\"team-member-avatar\">\r\n\t\t\t\t<img width=\"1000\" height=\"667\" src=\"https:\/\/www.sz-goeggingen.de\/wp-content\/uploads\/2018\/02\/at53-e1519052241776.jpg\" class=\"attachment-full size-full\" alt=\"\" decoding=\"async\" loading=\"lazy\" \/>\r\n\t\t\t\t\r\n\t\t\t<\/div>\r\n\t\t\t<div class=\"team-member-caption\">\r\n\t\t\t\t<h5>Hauswirtschaft - Haustechnik<\/h5>\r\n\t\t\t\t\r\n\t\t\t\t<p class=\"description\">Unser Hauswirtschaftsteam und unsere Haustechnik tr\u00e4gt ebenfalls einen wichtigen Bestandteil zum Wohlbefinden unserer Bewohner bei. So sorgt die hauseigene K\u00fcche t\u00e4glich f\u00fcr mehrere Mahlzeiten, die hauseigene W\u00e4scherei f\u00fcr eine saubere W\u00e4sche, unser Reinigungsteam f\u00fcr klinisch reine Zimmer und unsere Haustechnik f\u00fcr die Sicherheit f\u00fcr die Bewohner, als auch f\u00fcr unsere Mitarbeiter.<\/p>\r\n\t\t\t<\/div>\r\n\t\t<\/div>[\/vc_column][\/vc_row][vc_row][vc_column width=&#8220;1\/3&#8243;]\r\n\t\t<div class=\"team-member clearfix\">\r\n\t\t\t<div class=\"team-member-avatar\">\r\n\t\t\t\t<img width=\"2560\" height=\"1707\" src=\"https:\/\/www.sz-goeggingen.de\/wp-content\/uploads\/2021\/12\/ARI1256-scaled.jpg\" class=\"attachment-full size-full\" alt=\"\" decoding=\"async\" loading=\"lazy\" srcset=\"https:\/\/www.sz-goeggingen.de\/wp-content\/uploads\/2021\/12\/ARI1256-scaled.jpg 2560w, https:\/\/www.sz-goeggingen.de\/wp-content\/uploads\/2021\/12\/ARI1256-300x200.jpg 300w, https:\/\/www.sz-goeggingen.de\/wp-content\/uploads\/2021\/12\/ARI1256-1024x683.jpg 1024w, https:\/\/www.sz-goeggingen.de\/wp-content\/uploads\/2021\/12\/ARI1256-768x512.jpg 768w, https:\/\/www.sz-goeggingen.de\/wp-content\/uploads\/2021\/12\/ARI1256-1536x1024.jpg 1536w, https:\/\/www.sz-goeggingen.de\/wp-content\/uploads\/2021\/12\/ARI1256-2048x1366.jpg 2048w, https:\/\/www.sz-goeggingen.de\/wp-content\/uploads\/2021\/12\/ARI1256-900x600.jpg 900w, https:\/\/www.sz-goeggingen.de\/wp-content\/uploads\/2021\/12\/ARI1256-409x273.jpg 409w, https:\/\/www.sz-goeggingen.de\/wp-content\/uploads\/2021\/12\/ARI1256-555x370.jpg 555w, https:\/\/www.sz-goeggingen.de\/wp-content\/uploads\/2021\/12\/ARI1256-471x314.jpg 471w, https:\/\/www.sz-goeggingen.de\/wp-content\/uploads\/2021\/12\/ARI1256-653x435.jpg 653w\" sizes=\"(max-width: 2560px) 100vw, 2560px\" \/>\r\n\t\t\t\t\r\n\t\t\t<\/div>\r\n\t\t\t<div class=\"team-member-caption\">\r\n\t\t\t\t<h5>Azubis<\/h5>\r\n\t\t\t\t\r\n\t\t\t\t<p class=\"description\">Unsere aufgeschlossenen und motivierten Auszubildenden durchlaufen in unterschiedlichen Abschnitten s\u00e4mtliche Arbeitsprozesse und -bereiche in unserem Haus. Dadurch k\u00f6nnen sie sich ein sehr umfassendes Wissen aneignen und dieses jeden Tag anwenden. Unsere Auszubildenden sind dabei eine gro\u00dfe Unterst\u00fctzung f\u00fcr uns und unsere Bewohner.<\/p>\r\n\t\t\t<\/div>\r\n\t\t<\/div>[\/vc_column][\/vc_row]<\/p>\n","protected":false},"excerpt":{"rendered":"<p>[vc_row][vc_column][vc_single_image image=&#8220;1505&#8243; img_size=&#8220;1140&#215;650&#8243;][vc_empty_space][\/vc_column][\/vc_row][vc_row][vc_column width=&#8220;1\/3&#8243;][\/vc_column][vc_column width=&#8220;1\/3&#8243;][\/vc_column][vc_column width=&#8220;1\/3&#8243;][\/vc_column][\/vc_row][vc_row][vc_column width=&#8220;1\/3&#8243;][\/vc_column][\/vc_row]<\/p>\n","protected":false},"author":3,"featured_media":0,"parent":548,"menu_order":0,"comment_status":"closed","ping_status":"closed","template":"page-tpl_left_sidebar.php","meta":[],"_links":{"self":[{"href":"https:\/\/www.sz-goeggingen.de\/index.php?rest_route=\/wp\/v2\/pages\/488"}],"collection":[{"href":"https:\/\/www.sz-goeggingen.de\/index.php?rest_route=\/wp\/v2\/pages"}],"about":[{"href":"https:\/\/www.sz-goeggingen.de\/index.php?rest_route=\/wp\/v2\/types\/page"}],"author":[{"embeddable":true,"href":"https:\/\/www.sz-goeggingen.de\/index.php?rest_route=\/wp\/v2\/users\/3"}],"replies":[{"embeddable":true,"href":"https:\/\/www.sz-goeggingen.de\/index.php?rest_route=%2Fwp%2Fv2%2Fcomments&post=488"}],"version-history":[{"count":8,"href":"https:\/\/www.sz-goeggingen.de\/index.php?rest_route=\/wp\/v2\/pages\/488\/revisions"}],"predecessor-version":[{"id":2649,"href":"https:\/\/www.sz-goeggingen.de\/index.php?rest_route=\/wp\/v2\/pages\/488\/revisions\/2649"}],"up":[{"embeddable":true,"href":"https:\/\/www.sz-goeggingen.de\/index.php?rest_route=\/wp\/v2\/pages\/548"}],"wp:attachment":[{"href":"https:\/\/www.sz-goeggingen.de\/index.php?rest_route=%2Fwp%2Fv2%2Fmedia&parent=488"}],"curies":[{"name":"wp","href":"https:\/\/api.w.org\/{rel}","templated":true}]}}