{"id":490,"date":"2016-04-13T12:01:17","date_gmt":"2016-04-13T12:01:17","guid":{"rendered":"https:\/\/www.sz-goeggingen.de\/?page_id=490"},"modified":"2023-06-16T11:00:06","modified_gmt":"2023-06-16T11:00:06","slug":"heimbeirat","status":"publish","type":"page","link":"https:\/\/www.sz-goeggingen.de\/?page_id=490","title":{"rendered":"Bewohnervertretung"},"content":{"rendered":"<p>[vc_row][vc_column][vc_single_image image=&#8220;1497&#8243; img_size=&#8220;1140&#215;600&#8243;][\/vc_column][\/vc_row][vc_row css=&#8220;.vc_custom_1455449271627{margin-top: 30px !important;}&#8220;][vc_column][vc_column_text]Unsere Bewohnervertretung setzt sich aus verschiedenen Personen zusammen, die direkt oder indirekt mit unserer Einrichtung in Verbindung stehen. Diese drei Personen vertreten die Belange unserer Bewohner und deren Angeh\u00f6rigen und stimmen sich mit interessierten Bewohnern und Angeh\u00f6rigen in monatlichen Gespr\u00e4chsrunden ab.<\/p>\n<p>Die Einrichtungsleitung und Bereichsleitungen werden zu diesen Gespr\u00e4chen ebenfalls regelm\u00e4\u00dfig eingeladen.[\/vc_column_text][\/vc_column][\/vc_row][vc_row][vc_column][vc_empty_space][\/vc_column][\/vc_row][vc_row][vc_column width=&#8220;1\/3&#8243;]\r\n\t\t<div class=\"team-member clearfix\">\r\n\t\t\t<div class=\"team-member-avatar\">\r\n\t\t\t\t<img width=\"460\" height=\"649\" src=\"https:\/\/www.sz-goeggingen.de\/wp-content\/uploads\/2023\/05\/Anton-Kohnle.jpg\" class=\"attachment-full size-full\" alt=\"\" decoding=\"async\" loading=\"lazy\" srcset=\"https:\/\/www.sz-goeggingen.de\/wp-content\/uploads\/2023\/05\/Anton-Kohnle.jpg 460w, https:\/\/www.sz-goeggingen.de\/wp-content\/uploads\/2023\/05\/Anton-Kohnle-213x300.jpg 213w, https:\/\/www.sz-goeggingen.de\/wp-content\/uploads\/2023\/05\/Anton-Kohnle-409x577.jpg 409w\" sizes=\"(max-width: 460px) 100vw, 460px\" \/>\r\n\t\t\t\t\r\n\t\t\t<\/div>\r\n\t\t\t<div class=\"team-member-caption\">\r\n\t\t\t\t<h5>Herr Anton Kohnle<\/h5>\r\n\t\t\t\t<p class=\"position\">Leiter Heimbeirat<\/p>\r\n\t\t\t\t\r\n\t\t\t<\/div>\r\n\t\t<\/div>[\/vc_column][vc_column width=&#8220;1\/3&#8243;]\r\n\t\t<div class=\"team-member clearfix\">\r\n\t\t\t<div class=\"team-member-avatar\">\r\n\t\t\t\t\r\n\t\t\t\t\r\n\t\t\t<\/div>\r\n\t\t\t<div class=\"team-member-caption\">\r\n\t\t\t\t\r\n\t\t\t\t\r\n\t\t\t\t\r\n\t\t\t<\/div>\r\n\t\t<\/div>[\/vc_column][\/vc_row][vc_row][vc_column width=&#8220;1\/3&#8243;]\r\n\t\t<div class=\"team-member clearfix\">\r\n\t\t\t<div class=\"team-member-avatar\">\r\n\t\t\t\t<img width=\"459\" height=\"649\" src=\"https:\/\/www.sz-goeggingen.de\/wp-content\/uploads\/2023\/05\/Adolf-Mueller.jpg\" class=\"attachment-full size-full\" alt=\"\" decoding=\"async\" loading=\"lazy\" srcset=\"https:\/\/www.sz-goeggingen.de\/wp-content\/uploads\/2023\/05\/Adolf-Mueller.jpg 459w, https:\/\/www.sz-goeggingen.de\/wp-content\/uploads\/2023\/05\/Adolf-Mueller-212x300.jpg 212w, https:\/\/www.sz-goeggingen.de\/wp-content\/uploads\/2023\/05\/Adolf-Mueller-409x578.jpg 409w\" sizes=\"(max-width: 459px) 100vw, 459px\" \/>\r\n\t\t\t\t\r\n\t\t\t<\/div>\r\n\t\t\t<div class=\"team-member-caption\">\r\n\t\t\t\t<h5>Adolf M\u00fcller<\/h5>\r\n\t\t\t\t<p class=\"position\">Heimbeirat<\/p>\r\n\t\t\t\t\r\n\t\t\t<\/div>\r\n\t\t<\/div>[\/vc_column][vc_column width=&#8220;1\/3&#8243;]\r\n\t\t<div class=\"team-member clearfix\">\r\n\t\t\t<div class=\"team-member-avatar\">\r\n\t\t\t\t<img width=\"459\" height=\"649\" src=\"https:\/\/www.sz-goeggingen.de\/wp-content\/uploads\/2023\/05\/Ina-Kircher.jpg\" class=\"attachment-full size-full\" alt=\"\" decoding=\"async\" loading=\"lazy\" srcset=\"https:\/\/www.sz-goeggingen.de\/wp-content\/uploads\/2023\/05\/Ina-Kircher.jpg 459w, https:\/\/www.sz-goeggingen.de\/wp-content\/uploads\/2023\/05\/Ina-Kircher-212x300.jpg 212w, https:\/\/www.sz-goeggingen.de\/wp-content\/uploads\/2023\/05\/Ina-Kircher-409x578.jpg 409w\" sizes=\"(max-width: 459px) 100vw, 459px\" \/>\r\n\t\t\t\t\r\n\t\t\t<\/div>\r\n\t\t\t<div class=\"team-member-caption\">\r\n\t\t\t\t<h5>Ina Kirchner<\/h5>\r\n\t\t\t\t<p class=\"position\">Heimbeirat<\/p>\r\n\t\t\t\t\r\n\t\t\t<\/div>\r\n\t\t<\/div>[\/vc_column][vc_column width=&#8220;1\/3&#8243;]\r\n\t\t<div class=\"team-member clearfix\">\r\n\t\t\t<div class=\"team-member-avatar\">\r\n\t\t\t\t<img width=\"459\" height=\"649\" src=\"https:\/\/www.sz-goeggingen.de\/wp-content\/uploads\/2023\/05\/Ludwig-Ohlendorf.jpg\" class=\"attachment-full size-full\" alt=\"\" decoding=\"async\" loading=\"lazy\" srcset=\"https:\/\/www.sz-goeggingen.de\/wp-content\/uploads\/2023\/05\/Ludwig-Ohlendorf.jpg 459w, https:\/\/www.sz-goeggingen.de\/wp-content\/uploads\/2023\/05\/Ludwig-Ohlendorf-212x300.jpg 212w, https:\/\/www.sz-goeggingen.de\/wp-content\/uploads\/2023\/05\/Ludwig-Ohlendorf-409x578.jpg 409w\" sizes=\"(max-width: 459px) 100vw, 459px\" \/>\r\n\t\t\t\t\r\n\t\t\t<\/div>\r\n\t\t\t<div class=\"team-member-caption\">\r\n\t\t\t\t<h5>Ludwig Ohlendorf<\/h5>\r\n\t\t\t\t<p class=\"position\">Heimbeirat<\/p>\r\n\t\t\t\t\r\n\t\t\t<\/div>\r\n\t\t<\/div>[\/vc_column][\/vc_row]<\/p>\n","protected":false},"excerpt":{"rendered":"<p>[vc_row][vc_column][vc_single_image image=&#8220;1497&#8243; img_size=&#8220;1140&#215;600&#8243;][\/vc_column][\/vc_row][vc_row css=&#8220;.vc_custom_1455449271627{margin-top: 30px !important;}&#8220;][vc_column][vc_column_text]Unsere Bewohnervertretung setzt sich aus verschiedenen Personen zusammen, die direkt oder indirekt mit unserer Einrichtung in Verbindung stehen. Diese drei Personen vertreten die Belange unserer Bewohner und deren Angeh\u00f6rigen und stimmen sich mit interessierten Bewohnern und Angeh\u00f6rigen in monatlichen Gespr\u00e4chsrunden ab. Die Einrichtungsleitung und Bereichsleitungen werden zu diesen Gespr\u00e4chen ebenfalls [&hellip;]<\/p>\n","protected":false},"author":3,"featured_media":0,"parent":548,"menu_order":0,"comment_status":"closed","ping_status":"closed","template":"page-tpl_left_sidebar.php","meta":[],"_links":{"self":[{"href":"https:\/\/www.sz-goeggingen.de\/index.php?rest_route=\/wp\/v2\/pages\/490"}],"collection":[{"href":"https:\/\/www.sz-goeggingen.de\/index.php?rest_route=\/wp\/v2\/pages"}],"about":[{"href":"https:\/\/www.sz-goeggingen.de\/index.php?rest_route=\/wp\/v2\/types\/page"}],"author":[{"embeddable":true,"href":"https:\/\/www.sz-goeggingen.de\/index.php?rest_route=\/wp\/v2\/users\/3"}],"replies":[{"embeddable":true,"href":"https:\/\/www.sz-goeggingen.de\/index.php?rest_route=%2Fwp%2Fv2%2Fcomments&post=490"}],"version-history":[{"count":16,"href":"https:\/\/www.sz-goeggingen.de\/index.php?rest_route=\/wp\/v2\/pages\/490\/revisions"}],"predecessor-version":[{"id":2396,"href":"https:\/\/www.sz-goeggingen.de\/index.php?rest_route=\/wp\/v2\/pages\/490\/revisions\/2396"}],"up":[{"embeddable":true,"href":"https:\/\/www.sz-goeggingen.de\/index.php?rest_route=\/wp\/v2\/pages\/548"}],"wp:attachment":[{"href":"https:\/\/www.sz-goeggingen.de\/index.php?rest_route=%2Fwp%2Fv2%2Fmedia&parent=490"}],"curies":[{"name":"wp","href":"https:\/\/api.w.org\/{rel}","templated":true}]}}