{"id":494,"date":"2016-04-13T12:02:02","date_gmt":"2016-04-13T12:02:02","guid":{"rendered":"https:\/\/www.sz-goeggingen.de\/?page_id=494"},"modified":"2024-05-29T08:13:10","modified_gmt":"2024-05-29T08:13:10","slug":"leitbild","status":"publish","type":"page","link":"https:\/\/www.sz-goeggingen.de\/?page_id=494","title":{"rendered":"Leitbild"},"content":{"rendered":"<p>[vc_row][vc_column width=&#8220;1\/2&#8243;][vc_single_image image=&#8220;1513&#8243; img_size=&#8220;800&#215;400&#8243;][\/vc_column][vc_column width=&#8220;1\/2&#8243;][vc_single_image image=&#8220;1514&#8243; img_size=&#8220;800&#215;400&#8243;][\/vc_column][\/vc_row][vc_row css=&#8220;.vc_custom_1455449271627{margin-top: 30px !important;}&#8220;][vc_column][vc_column_text]<\/p>\n<h4><\/h4>\n<h4><\/h4>\n<h4 style=\"text-align: center;\">&#8222;Jeder Mensch befindet sich in einem Wachstumsprozess,<\/h4>\n<h4 style=\"text-align: center;\">daher darf niemand je aufgegeben werden.&#8220;<\/h4>\n<h5 style=\"text-align: center;\">Leo Tolstoi (1828-1910)<\/h5>\n<p>&nbsp;<\/p>\n<h4><span style=\"color: #aa305d;\">Unser Menschenbild<\/span><\/h4>\n<p>In unseren Pflegeeinrichtungen steht der Mensch im Mittelpunkt. Denn die W\u00fcrde jedes Menschen ist unantastbar und zu wahren. Dabei stehen Individualit\u00e4t und das Recht auf Selbst\u00e4ndigkeit und Selbstbestimmung im Vordergrund. Da diese Werte f\u00fcr uns von hoher Bedeutung sind, versuchen wir diese t\u00e4glich im Umgang mit unseren Bewohnern und Mitarbeitern erfolgreich umzusetzen.<\/p>\n<p>&nbsp;<\/p>\n<h4><span style=\"color: #aa305d;\">Unser Pflegeverst\u00e4ndnis<\/span><\/h4>\n<p>Unsere Pflege und Betreuung wird nach den neuesten wissenschaftlichen Erkenntnissen durchgef\u00fchrt. Eingesetzte Methoden und Konzepte entsprechen dem aktuellen wissenschaftlichen Standard.<\/p>\n<p>Angebotene Fort- und Weiterbildungsm\u00f6glichkeiten werden von unseren Mitarbeitern regelm\u00e4\u00dfig wahrgenommen. So kann erfolgreich die Qualit\u00e4t unserer angebotenen Leistungen gew\u00e4hrleistet werden.<\/p>\n<p>&nbsp;<\/p>\n<h4><span style=\"color: #aa305d;\">Unsere Werte<\/span><\/h4>\n<p>Unser Verst\u00e4ndnis f\u00fcr den Menschen und der Pflege spiegelt sich auch in unseren Werten wieder. Der Bewohner steht bei uns im Mittelpunkt und wird als Ganzes gesehen. Dabei steht besonders die Nutzung der Ressourcen im Vordergrund um die Selbst\u00e4ndigkeit, die Sicherheit und das Wohlbefinden der Bewohner zu f\u00f6rdern und zu wahren.<\/p>\n<p>F\u00fcr uns als private, freie Tr\u00e4gerschaft mit langj\u00e4hriger Erfahrung im Bereich der Alten- und Krankenpflege ist ein umfassendes Qualit\u00e4tsmanagement von hoher Wichtigkeit. Die individuelle Betreuung unserer Bewohner stellen wir durch geplante Leistungen sicher. Die geleistete Arbeit und die hierbei angewandten Konzepte werden regelm\u00e4\u00dfig \u00fcberpr\u00fcft, so dass die h\u00f6chstm\u00f6gliche Zufriedenheit all unserer Bewohner und Vertragspartner gew\u00e4hrleistet ist.[\/vc_column_text][\/vc_column][\/vc_row][vc_row][vc_column][vc_empty_space height=&#8220;10px&#8220;][vc_single_image image=&#8220;797&#8243; img_size=&#8220;medium&#8220; alignment=&#8220;center&#8220;][\/vc_column][\/vc_row]<\/p>\n","protected":false},"excerpt":{"rendered":"<p>[vc_row][vc_column width=&#8220;1\/2&#8243;][vc_single_image image=&#8220;1513&#8243; img_size=&#8220;800&#215;400&#8243;][\/vc_column][vc_column width=&#8220;1\/2&#8243;][vc_single_image image=&#8220;1514&#8243; img_size=&#8220;800&#215;400&#8243;][\/vc_column][\/vc_row][vc_row css=&#8220;.vc_custom_1455449271627{margin-top: 30px !important;}&#8220;][vc_column][vc_column_text] &#8222;Jeder Mensch befindet sich in einem Wachstumsprozess, daher darf niemand je aufgegeben werden.&#8220; Leo Tolstoi (1828-1910) &nbsp; Unser Menschenbild In unseren Pflegeeinrichtungen steht der Mensch im Mittelpunkt. Denn die W\u00fcrde jedes Menschen ist unantastbar und zu wahren. Dabei stehen Individualit\u00e4t und das Recht auf Selbst\u00e4ndigkeit [&hellip;]<\/p>\n","protected":false},"author":3,"featured_media":0,"parent":548,"menu_order":0,"comment_status":"closed","ping_status":"closed","template":"page-tpl_left_sidebar.php","meta":[],"_links":{"self":[{"href":"https:\/\/www.sz-goeggingen.de\/index.php?rest_route=\/wp\/v2\/pages\/494"}],"collection":[{"href":"https:\/\/www.sz-goeggingen.de\/index.php?rest_route=\/wp\/v2\/pages"}],"about":[{"href":"https:\/\/www.sz-goeggingen.de\/index.php?rest_route=\/wp\/v2\/types\/page"}],"author":[{"embeddable":true,"href":"https:\/\/www.sz-goeggingen.de\/index.php?rest_route=\/wp\/v2\/users\/3"}],"replies":[{"embeddable":true,"href":"https:\/\/www.sz-goeggingen.de\/index.php?rest_route=%2Fwp%2Fv2%2Fcomments&post=494"}],"version-history":[{"count":6,"href":"https:\/\/www.sz-goeggingen.de\/index.php?rest_route=\/wp\/v2\/pages\/494\/revisions"}],"predecessor-version":[{"id":2636,"href":"https:\/\/www.sz-goeggingen.de\/index.php?rest_route=\/wp\/v2\/pages\/494\/revisions\/2636"}],"up":[{"embeddable":true,"href":"https:\/\/www.sz-goeggingen.de\/index.php?rest_route=\/wp\/v2\/pages\/548"}],"wp:attachment":[{"href":"https:\/\/www.sz-goeggingen.de\/index.php?rest_route=%2Fwp%2Fv2%2Fmedia&parent=494"}],"curies":[{"name":"wp","href":"https:\/\/api.w.org\/{rel}","templated":true}]}}