{"id":496,"date":"2016-04-13T12:02:24","date_gmt":"2016-04-13T12:02:24","guid":{"rendered":"https:\/\/www.sz-goeggingen.de\/?page_id=496"},"modified":"2024-05-29T09:26:39","modified_gmt":"2024-05-29T09:26:39","slug":"weitere-informationen","status":"publish","type":"page","link":"https:\/\/www.sz-goeggingen.de\/?page_id=496","title":{"rendered":"Weitere Informationen"},"content":{"rendered":"<p>[vc_row][vc_column][vc_tta_accordion active_section=&#8220;1&#8243;][vc_tta_section title=&#8220;Musterspeiseplan&#8220; tab_id=&#8220;1463141832458-5bdd743d-5dfa&#8220;][vc_column_text css=&#8220;.vc_custom_1633595082079{margin-top: 10px !important;margin-bottom: 30px !important;}&#8220;]Unsere Bewohner sollen sich in unserem Haus gesund und wohl f\u00fchlen. Um dies gew\u00e4hrleisten zu k\u00f6nnen, ist uns eine gesunde und ausgewogene Ern\u00e4hrung wichtig.<\/p>\n<p>Alle Speisen werden in unserer hauseigenen K\u00fcche t\u00e4glich mit gr\u00f6\u00dfter Sorgfalt frisch zubereitet.<\/p>\n<p>Den aktuellen Speiseplan finden Sie im Aushang in unserem \u201eSeniorenzentrum G\u00f6ggingen\u201c.<\/p>\n<p>Einen Musterspeiseplan finden Sie <a href=\"https:\/\/www.sz-goeggingen.de\/about-us\/\">hier.<\/a>[\/vc_column_text][\/vc_tta_section][vc_tta_section title=&#8220;Heimentgelte&#8220; tab_id=&#8220;1463141832053-872ce547-6816&#8243;][vc_column_text css=&#8220;.vc_custom_1523611156054{margin-top: 10px !important;margin-bottom: 30px !important;}&#8220;]Unsere Heimentgelte werden mit den Pflegekassen und den Sozialhilfetr\u00e4gern in einer Verhandlung vereinbart. Das Gesamtentgelt beinhaltet die Kosten f\u00fcr Pflegeleistungen, Unterkunft, Verpflegung und Investitionskosten.<\/p>\n<p>Weitere Informationen finden Sie <a href=\"https:\/\/www.sz-goeggingen.de\/about-us\/\">hier.<\/a>[\/vc_column_text][\/vc_tta_section][vc_tta_section title=&#8220;Vorvertragliche Informationen&#8220; tab_id=&#8220;1463141831571-89fc7299-4310&#8243;][vc_column_text css=&#8220;.vc_custom_1523611050002{margin-top: 10px !important;margin-bottom: 30px !important;}&#8220;]Sie als Kunde sollen sich vor einer langfristigen Bindung, in Form eines vollstation\u00e4ren Aufenthaltes, f\u00fcr Ihre Meinungsbildung ausreichend Zeit nehmen k\u00f6nnen und vor einem Vertragsabschluss \u00fcber alle Leistungsanspr\u00fcche sowie entstehende Verpflichtungen aufgekl\u00e4rt werden. Mit unseren vorvertraglichen Informationen erhalten Sie hier\u00fcber eine \u00dcbersicht.<\/p>\n<p>Weitere Informationen finden Sie <a href=\"https:\/\/www.sz-goeggingen.de\/about-us\/\">hier.<\/a>[\/vc_column_text][\/vc_tta_section][vc_tta_section title=&#8220;\u00c4rztlicher Fragebogen&#8220; tab_id=&#8220;1463141831119-775a34db-8083&#8243;][vc_column_text css=&#8220;.vc_custom_1523611067112{margin-top: 10px !important;margin-bottom: 30px !important;}&#8220;]Unser \u00e4rztlicher Fragebogen ist wesentlicher Bestandteil f\u00fcr das Aufnahmeverfahren. Ein Arzt Ihres Vertrauens gibt darin Auskunft \u00fcber ihren Gesundheitszustand, d.h. \u00fcber Diagnosen und die bisher verordnete Medikation. Dies sind f\u00fcr uns sehr wichtige Informationen, damit wir sie f\u00fcr Sie optimalen Pflege- und Betreuungsleistungen gew\u00e4hrleisten k\u00f6nnen.<\/p>\n<p>Weitere Informationen finden Sie <a href=\"https:\/\/www.sz-goeggingen.de\/about-us\/\">hier<\/a>.[\/vc_column_text][\/vc_tta_section][vc_tta_section title=&#8220;Checkliste bei Einzug&#8220; tab_id=&#8220;1463141830605-d3a1c06e-9227&#8243;][vc_column_text css=&#8220;.vc_custom_1716974796355{margin-top: 10px !important;margin-bottom: 30px !important;}&#8220;]Mit unserer Checkliste m\u00f6chten wir Ihnen die Vorbereitung f\u00fcr den Einzug in unsere Pflegeeinrichtung erleichtern.<\/p>\n<p>Weitere Informationen finden Sie <a href=\"https:\/\/www.sz-goeggingen.de\/about-us\/\">hier<\/a>.[\/vc_column_text][\/vc_tta_section][vc_tta_section title=&#8220;MDK (Medizinischer Dienst der Krankenversicherung)&#8220; tab_id=&#8220;1508225902201-8293f13c-edd4&#8243;][vc_column_text]Der Pr\u00fcfdienst des Medizinischen Dienstes der Krankenkassen pr\u00fcft unsere Einrichtung einmal pro Jahr. Am Tag der Begehung werden die Bereiche Pflege und medizinische Versorgung, Umgang mit demenzkranken Bewohnern, Betreuung und Alltagsgestaltung, sowie Wohnen, Verpflegung, Hauswirtschaft und Hygiene gepr\u00fcft. Das Ergebnis wird in Form eines Transparenzberichtes im Internet, sowie als Aushang in unserer Pflegeeinrichtung ver\u00f6ffentlicht.<\/p>\n<p>Das Ergebnis unserer letzten Pr\u00fcfung k\u00f6nnen <a href=\"https:\/\/www.sz-goeggingen.de\/about-us\/\">hier<\/a> entnehmen.[\/vc_column_text][\/vc_tta_section][\/vc_tta_accordion][\/vc_column][\/vc_row]<\/p>\n","protected":false},"excerpt":{"rendered":"<p>[vc_row][vc_column][vc_tta_accordion active_section=&#8220;1&#8243;][vc_tta_section title=&#8220;Musterspeiseplan&#8220; tab_id=&#8220;1463141832458-5bdd743d-5dfa&#8220;][vc_column_text css=&#8220;.vc_custom_1633595082079{margin-top: 10px !important;margin-bottom: 30px !important;}&#8220;]Unsere Bewohner sollen sich in unserem Haus gesund und wohl f\u00fchlen. Um dies gew\u00e4hrleisten zu k\u00f6nnen, ist uns eine gesunde und ausgewogene Ern\u00e4hrung wichtig. Alle Speisen werden in unserer hauseigenen K\u00fcche t\u00e4glich mit gr\u00f6\u00dfter Sorgfalt frisch zubereitet. Den aktuellen Speiseplan finden Sie im Aushang in unserem \u201eSeniorenzentrum [&hellip;]<\/p>\n","protected":false},"author":3,"featured_media":0,"parent":548,"menu_order":0,"comment_status":"closed","ping_status":"closed","template":"page-tpl_left_sidebar.php","meta":[],"_links":{"self":[{"href":"https:\/\/www.sz-goeggingen.de\/index.php?rest_route=\/wp\/v2\/pages\/496"}],"collection":[{"href":"https:\/\/www.sz-goeggingen.de\/index.php?rest_route=\/wp\/v2\/pages"}],"about":[{"href":"https:\/\/www.sz-goeggingen.de\/index.php?rest_route=\/wp\/v2\/types\/page"}],"author":[{"embeddable":true,"href":"https:\/\/www.sz-goeggingen.de\/index.php?rest_route=\/wp\/v2\/users\/3"}],"replies":[{"embeddable":true,"href":"https:\/\/www.sz-goeggingen.de\/index.php?rest_route=%2Fwp%2Fv2%2Fcomments&post=496"}],"version-history":[{"count":9,"href":"https:\/\/www.sz-goeggingen.de\/index.php?rest_route=\/wp\/v2\/pages\/496\/revisions"}],"predecessor-version":[{"id":2641,"href":"https:\/\/www.sz-goeggingen.de\/index.php?rest_route=\/wp\/v2\/pages\/496\/revisions\/2641"}],"up":[{"embeddable":true,"href":"https:\/\/www.sz-goeggingen.de\/index.php?rest_route=\/wp\/v2\/pages\/548"}],"wp:attachment":[{"href":"https:\/\/www.sz-goeggingen.de\/index.php?rest_route=%2Fwp%2Fv2%2Fmedia&parent=496"}],"curies":[{"name":"wp","href":"https:\/\/api.w.org\/{rel}","templated":true}]}}