{"id":498,"date":"2016-04-13T12:03:35","date_gmt":"2016-04-13T12:03:35","guid":{"rendered":"https:\/\/www.sz-goeggingen.de\/?page_id=498"},"modified":"2024-05-29T12:13:01","modified_gmt":"2024-05-29T12:13:01","slug":"veranstaltungen","status":"publish","type":"page","link":"https:\/\/www.sz-goeggingen.de\/?page_id=498","title":{"rendered":"Veranstaltungen"},"content":{"rendered":"<p>[vc_row][vc_column][vc_single_image image=&#8220;1606&#8243; img_size=&#8220;1140&#215;550&#8243;][\/vc_column][\/vc_row][vc_row][vc_column][vc_empty_space][\/vc_column][\/vc_row][vc_row css=&#8220;.vc_custom_1455449271627{margin-top: 30px !important;}&#8220;][vc_column][vc_column_text]In unserem \u201eSeniorenzentrum G\u00f6ggingen\u201c finden regelm\u00e4\u00dfig verschiedene Veranstaltungen f\u00fcr unsere Bewohner statt, welche von unserem Betreuungspersonal organisiert werden. Angeh\u00f6rige der Bewohner sind dabei immer gern gesehene G\u00e4ste.<\/p>\n<p>Gottesdienste beider Konfessionen werden regelm\u00e4\u00dfig von den \u00f6rtlichen Seelsorgern gehalten. Zudem finden regelm\u00e4\u00dfige gemeinsame Ausfl\u00fcge mit unseren Bewohnern statt. Je nach Wetterlage, werden in den Sommermonaten Grillabende f\u00fcr unsere Bewohner angeboten.<\/p>\n<p>Unter den entsprechenden Reitern finden Sie unter anderem den aktuellen Veranstaltungskalender, sowie Berichte \u00fcber die letzten Veranstaltungen und bildliche Impressionen.[\/vc_column_text][\/vc_column][\/vc_row]<\/p>\n","protected":false},"excerpt":{"rendered":"<p>[vc_row][vc_column][vc_single_image image=&#8220;1606&#8243; img_size=&#8220;1140&#215;550&#8243;][\/vc_column][\/vc_row][vc_row][vc_column][vc_empty_space][\/vc_column][\/vc_row][vc_row css=&#8220;.vc_custom_1455449271627{margin-top: 30px !important;}&#8220;][vc_column][vc_column_text]In unserem \u201eSeniorenzentrum G\u00f6ggingen\u201c finden regelm\u00e4\u00dfig verschiedene Veranstaltungen f\u00fcr unsere Bewohner statt, welche von unserem Betreuungspersonal organisiert werden. Angeh\u00f6rige der Bewohner sind dabei immer gern gesehene G\u00e4ste. Gottesdienste beider Konfessionen werden regelm\u00e4\u00dfig von den \u00f6rtlichen Seelsorgern gehalten. Zudem finden regelm\u00e4\u00dfige gemeinsame Ausfl\u00fcge mit unseren Bewohnern statt. Je nach Wetterlage, werden [&hellip;]<\/p>\n","protected":false},"author":3,"featured_media":1610,"parent":0,"menu_order":0,"comment_status":"closed","ping_status":"closed","template":"page-tpl_left_sidebar.php","meta":[],"_links":{"self":[{"href":"https:\/\/www.sz-goeggingen.de\/index.php?rest_route=\/wp\/v2\/pages\/498"}],"collection":[{"href":"https:\/\/www.sz-goeggingen.de\/index.php?rest_route=\/wp\/v2\/pages"}],"about":[{"href":"https:\/\/www.sz-goeggingen.de\/index.php?rest_route=\/wp\/v2\/types\/page"}],"author":[{"embeddable":true,"href":"https:\/\/www.sz-goeggingen.de\/index.php?rest_route=\/wp\/v2\/users\/3"}],"replies":[{"embeddable":true,"href":"https:\/\/www.sz-goeggingen.de\/index.php?rest_route=%2Fwp%2Fv2%2Fcomments&post=498"}],"version-history":[{"count":9,"href":"https:\/\/www.sz-goeggingen.de\/index.php?rest_route=\/wp\/v2\/pages\/498\/revisions"}],"predecessor-version":[{"id":2655,"href":"https:\/\/www.sz-goeggingen.de\/index.php?rest_route=\/wp\/v2\/pages\/498\/revisions\/2655"}],"wp:featuredmedia":[{"embeddable":true,"href":"https:\/\/www.sz-goeggingen.de\/index.php?rest_route=\/wp\/v2\/media\/1610"}],"wp:attachment":[{"href":"https:\/\/www.sz-goeggingen.de\/index.php?rest_route=%2Fwp%2Fv2%2Fmedia&parent=498"}],"curies":[{"name":"wp","href":"https:\/\/api.w.org\/{rel}","templated":true}]}}