{"id":502,"date":"2016-04-13T12:04:07","date_gmt":"2016-04-13T12:04:07","guid":{"rendered":"https:\/\/www.sz-goeggingen.de\/?page_id=502"},"modified":"2018-04-13T10:44:15","modified_gmt":"2018-04-13T10:44:15","slug":"arbeitgeber","status":"publish","type":"page","link":"https:\/\/www.sz-goeggingen.de\/?page_id=502","title":{"rendered":"Arbeitgeber"},"content":{"rendered":"<p>[vc_row][vc_column][vc_column_text]<span style=\"color: #aa305d;\"><strong>Leistungen<\/strong><\/span><\/p>\n<p>Unser gemeinsames Verst\u00e4ndnis \u201eDer Mensch steht im Mittelpunkt\u201c bestimmt unser t\u00e4gliches Handeln und tr\u00e4gt zum Erfolg bei. In unserem familiengef\u00fchrten Unternehmen der dritten Generation pflegen wir eine harmonische Arbeitsatmosph\u00e4re, die bewohnerorientierten und wirtschaftlichen Zielen entspricht: menschlich und qualit\u00e4tsorientiert.<\/p>\n<p>Entsprechend bieten wir attraktive Leistungen an. Diese besprechen wir gerne pers\u00f6nlich mit Ihnen.<\/p>\n<p>Die Strukturierte Informationssammlung (SIS) wird in unserer Unternehmensgruppe als Basis f\u00fcr die Pflegedokumentation mittels der Pflegesoftware \u201eMediFox\u201c eingesetzt.<\/p>\n<p>&nbsp;<\/p>\n<p><span style=\"color: #aa305d;\"><strong>Arbeitszeiten<\/strong><\/span><\/p>\n<p>Um die Vereinbarkeit von Familie und Beruf bestm\u00f6glich organisieren zu k\u00f6nnen, bieten wir unseren Mitarbeiterinnen und Mitarbeitern unterschiedliche Arbeitszeitmodelle an. Die Arbeitszeiten k\u00f6nnen bis zu 40 Stunden pro Woche flexibel gestaltet werden.<\/p>\n<p>&nbsp;<\/p>\n<p><span style=\"color: #aa305d;\"><strong>Zus\u00e4tzliches Angebot<\/strong><\/span><\/p>\n<p>Als familiengef\u00fchrter Arbeitgeber bieten wir Ihnen zus\u00e4tzlich weitere Sonderleistungen an:<\/p>\n<ul>\n<li>kostenfreie Arbeitskleidung, die direkt im Heim gewaschen wird<\/li>\n<li>verg\u00fcnstigtes Mitarbeiteressen<\/li>\n<li>pers\u00f6nliche Feedback-Gespr\u00e4che<\/li>\n<li>Mitarbeiterveranstaltungen<\/li>\n<li>Gutscheine<\/li>\n<li>finanzielle Unterst\u00fctzung bei Fort- und Weiterbildungen<\/li>\n<\/ul>\n<p>[\/vc_column_text][\/vc_column][\/vc_row]<\/p>\n","protected":false},"excerpt":{"rendered":"<p>[vc_row][vc_column][vc_column_text]Leistungen Unser gemeinsames Verst\u00e4ndnis \u201eDer Mensch steht im Mittelpunkt\u201c bestimmt unser t\u00e4gliches Handeln und tr\u00e4gt zum Erfolg bei. In unserem familiengef\u00fchrten Unternehmen der dritten Generation pflegen wir eine harmonische Arbeitsatmosph\u00e4re, die bewohnerorientierten und wirtschaftlichen Zielen entspricht: menschlich und qualit\u00e4tsorientiert. Entsprechend bieten wir attraktive Leistungen an. Diese besprechen wir gerne pers\u00f6nlich mit Ihnen. Die Strukturierte Informationssammlung [&hellip;]<\/p>\n","protected":false},"author":3,"featured_media":1504,"parent":500,"menu_order":5,"comment_status":"closed","ping_status":"closed","template":"page-tpl_left_sidebar.php","meta":[],"_links":{"self":[{"href":"https:\/\/www.sz-goeggingen.de\/index.php?rest_route=\/wp\/v2\/pages\/502"}],"collection":[{"href":"https:\/\/www.sz-goeggingen.de\/index.php?rest_route=\/wp\/v2\/pages"}],"about":[{"href":"https:\/\/www.sz-goeggingen.de\/index.php?rest_route=\/wp\/v2\/types\/page"}],"author":[{"embeddable":true,"href":"https:\/\/www.sz-goeggingen.de\/index.php?rest_route=\/wp\/v2\/users\/3"}],"replies":[{"embeddable":true,"href":"https:\/\/www.sz-goeggingen.de\/index.php?rest_route=%2Fwp%2Fv2%2Fcomments&post=502"}],"version-history":[{"count":5,"href":"https:\/\/www.sz-goeggingen.de\/index.php?rest_route=\/wp\/v2\/pages\/502\/revisions"}],"predecessor-version":[{"id":1675,"href":"https:\/\/www.sz-goeggingen.de\/index.php?rest_route=\/wp\/v2\/pages\/502\/revisions\/1675"}],"up":[{"embeddable":true,"href":"https:\/\/www.sz-goeggingen.de\/index.php?rest_route=\/wp\/v2\/pages\/500"}],"wp:featuredmedia":[{"embeddable":true,"href":"https:\/\/www.sz-goeggingen.de\/index.php?rest_route=\/wp\/v2\/media\/1504"}],"wp:attachment":[{"href":"https:\/\/www.sz-goeggingen.de\/index.php?rest_route=%2Fwp%2Fv2%2Fmedia&parent=502"}],"curies":[{"name":"wp","href":"https:\/\/api.w.org\/{rel}","templated":true}]}}