{"id":504,"date":"2016-04-13T12:04:24","date_gmt":"2016-04-13T12:04:24","guid":{"rendered":"https:\/\/www.sz-goeggingen.de\/?page_id=504"},"modified":"2024-05-29T12:46:55","modified_gmt":"2024-05-29T12:46:55","slug":"ausbildung","status":"publish","type":"page","link":"https:\/\/www.sz-goeggingen.de\/?page_id=504","title":{"rendered":"Ausbildung"},"content":{"rendered":"<p>[vc_row][vc_column][vc_single_image image=&#8220;2100&#8243; img_size=&#8220;1140&#215;550&#8243;][\/vc_column][\/vc_row][vc_row css=&#8220;.vc_custom_1455449271627{margin-top: 30px !important;}&#8220;][vc_column][vc_column_text]In unserer Pflegeeinrichtung bieten wir unterschiedliche Ausbildungen in dem Bereich Pflege an. Genauere Informationen zu den verschiedenen Ausbildungen finden Sie unter den entsprechenden Reitern.<\/p>\n<p>Wenn wir Ihr Interesse und Ihre Begeisterung f\u00fcr eine Ausbildung bei uns im \u201eSeniorenzentrum G\u00f6ggingen\u201c geweckt haben, k\u00f6nnen Sie sich \u00fcber das untenstehende Formular direkt bei uns bewerben. Wir und unsere Bewohner freuen uns auf Sie![\/vc_column_text][\/vc_column][\/vc_row][vc_row][vc_column][vc_empty_space][\/vc_column][\/vc_row][vc_row][vc_column][vc_tta_accordion color=&#8220;sky&#8220; active_section=&#8220;0&#8243; collapsible_all=&#8220;true&#8220;][vc_tta_section title=&#8220;<b>Pflegefachfrau\/ Pflegefachmann<\/b>&#8220; tab_id=&#8220;1508411899339-b2d1ef3b-705f&#8220;][vc_column_text]<\/p>\n<div><strong><span style=\"color: #aa305d;\">Aufgaben der Pflegefachfrau\/-mann<\/span><\/strong><\/div>\n<p>Pflegefachfrauen\/-m\u00e4nner pflegen, betreuen und f\u00f6rdern \u00e4ltere und pflegebed\u00fcrftige Menschen in allt\u00e4glichen Situationen und bei der pers\u00f6nlichen Tagesgestaltung. Sie unterst\u00fctzen bei den Mahlzeiten und bei der Teilnahme an geselligen Aktivit\u00e4ten und sind f\u00fcr \u00e4ltere Menschen und ihre Angeh\u00f6rigen Ansprech- und Gespr\u00e4chspartner. Ihre Aufgaben sind die Grund- und Behandlungspflege unter Ber\u00fccksichtigung und F\u00f6rderung der noch vorhandenen F\u00e4higkeiten sowie die Initiierung und Koordination weiterer Behandlungsschritte. Pflegefachfrauen\/- m\u00e4nner sind das \u201eSprachrohr\u201c des pflegebed\u00fcrftigen Menschen zu \u00c4rzten und Therapeuten.<\/p>\n<p>Die Strukturierte Informationssammlung (SIS) wird in unserer Unternehmensgruppe als Basis f\u00fcr die Pflegedokumentation mittels der Pflegesoftware \u201eMediFox station\u00e4r\u201c eingesetzt.<\/p>\n<p>&nbsp;<\/p>\n<p><strong><span style=\"color: #aa305d;\">Ausbildungsdauer<\/span><\/strong><\/p>\n<ul>\n<li>3 Jahre<\/li>\n<\/ul>\n<p>&nbsp;<\/p>\n<p><strong><span style=\"color: #aa305d;\">Sie lernen von uns<\/span><\/strong><\/p>\n<ul>\n<li>Pflegen, Betreuen und Beraten von hilfebed\u00fcrftigen \u00e4lteren Menschen<\/li>\n<li>Unterst\u00fctzung bei Verrichtungen des t\u00e4glichen Lebens (K\u00f6rperpflege, Ankleiden, Hilfe bei der Nahrungsaufnahme und Gestaltung von Aktivit\u00e4ten)<\/li>\n<li>Konversation mit den Bewohnern<\/li>\n<li>Aufgaben im therapeutischen und medizinisch-pflegerischen Bereich, z. B. Wechseln von Verb\u00e4nden, Durchf\u00fchren von Sp\u00fclungen und Verabreichen von Medikamenten nach \u00e4rztlicher Verordnung<\/li>\n<li>Umgang mit der Pflegesoftware \u201eMediFox\u201c und der Strukturierten Informationssammlung (SIS)<\/li>\n<\/ul>\n<p>&nbsp;<\/p>\n<p><strong><span style=\"color: #aa305d;\">Wir unterst\u00fctzen Sie durch<\/span><\/strong><\/p>\n<ul>\n<li>Kompetente Praxisanleitung durch Mentoren innerhalb unseres Hauses<\/li>\n<li>M\u00f6glichkeiten zur R\u00fccksprache bei allen offenen Fragen, sowie regelm\u00e4\u00dfige Feedback-Gespr\u00e4che<\/li>\n<li>Enge Verzahnung zwischen Theorie und Praxis<\/li>\n<li>Rundum gute Betreuung von allen Seiten<\/li>\n<\/ul>\n<p>&nbsp;<\/p>\n<p><strong><span style=\"color: #aa305d;\">Ort der Ausbildung<\/span><\/strong><\/p>\n<ul>\n<li>In unserem \u201eSeniorenzentrum G\u00f6ggingen\u201c<\/li>\n<\/ul>\n<p>&nbsp;<\/p>\n<p><strong><span style=\"color: #aa305d;\">Unsere Entlohnung<\/span><\/strong><\/p>\n<p>Zurzeit betr\u00e4gt die Ausbildungsverg\u00fctung (monatlich brutto):<\/p>\n<ol>\n<li>Ausbildungsjahr:\u00a0\u00a0\u00a0\u00a0\u00a0\u00a0\u00a0\u00a0 1.190,69 \u20ac<\/li>\n<li>Ausbildungsjahr:\u00a0\u00a0\u00a0\u00a0\u00a0\u00a0\u00a0\u00a0 1.252,07 \u20ac<\/li>\n<li>Ausbildungsjahr:\u00a0\u00a0\u00a0\u00a0\u00a0\u00a0\u00a0\u00a0 1.353,38 \u20ac<\/li>\n<\/ol>\n<p>&nbsp;<\/p>\n<p><strong><span style=\"color: #aa305d;\">Unsere Voraussetzungen<\/span><\/strong><\/p>\n<p>Sie k\u00f6nnen sich bewerben, wenn Sie<\/p>\n<ul>\n<li>Mindestens einen Realschulabschluss oder einen anderen anerkannten gleichwertigen mittleren Bildungsabschluss (mittlere Reife) mitbringen.<\/li>\n<\/ul>\n<p>oder<\/p>\n<ul>\n<li>\u00fcber einen Hauptschulabschluss mit einer mindestens zweij\u00e4hrigen Berufsausbildung oder die Ausbildung als Altenpflegefachhelfer\/in oder Krankenpflegehelfer\/in absolviert haben.<\/li>\n<\/ul>\n<ul>\n<li>Die gesundheitliche Eignung f\u00fcr diesen Beruf.<\/li>\n<\/ul>\n<p>&nbsp;<\/p>\n<p><strong><span style=\"color: #aa305d;\">Ihre Zukunftschancen<\/span><\/strong><\/p>\n<p>Als erfolgreich ausgebildete Pflegefachkraft haben Sie bei uns sehr gute M\u00f6glichkeiten zur \u00dcbernahme. Des Weiteren haben Sie nach der erfolgreich absolvierten Ausbildung verschiedene Weiterbildungsm\u00f6glichkeiten wie z. B.:<\/p>\n<ul>\n<li>im gerontopsychiatrischen Bereich<\/li>\n<li>Praxisanleitung<\/li>\n<li>Wohnbereichsleitung<\/li>\n<li>Pflegedienstleitung<\/li>\n<li>Einrichtungsleitung<\/li>\n<li>Studium im Gesundheitswesen<\/li>\n<\/ul>\n<p>[\/vc_column_text][\/vc_tta_section][vc_tta_section title=&#8220;<b>Altenpflegefachhelfer\/in<\/b>&#8220; tab_id=&#8220;1508411899466-f45c8e4a-4c3f&#8220;][vc_column_text]<strong><span style=\"color: #aa305d;\">Aufgaben von Altenpflegefachhelfern<\/span><\/strong><\/p>\n<p>Altenpflegefachelfer pflegen, betreuen und f\u00f6rdern \u00e4ltere und pflegebed\u00fcrftige Menschen in allt\u00e4glichen Situationen und bei der pers\u00f6nlichen Tagesgestaltung. Sie unterst\u00fctzen bei den Mahlzeiten und bei der Teilnahme an geselligen Aktivit\u00e4ten und sind f\u00fcr \u00e4ltere Menschen und ihre Angeh\u00f6rigen Ansprech- und Gespr\u00e4chspartner. Ihre Aufgabe ist die Grundpflege unter Ber\u00fccksichtigung und F\u00f6rderung der noch vorhandenen F\u00e4higkeiten.<\/p>\n<p>Die Strukturierte Informationssammlung (SIS) wird in unserer Unternehmensgruppe als Basis f\u00fcr die Pflegedokumentation mittels der Pflegesoftware \u201eMediFox\u201c eingesetzt.<\/p>\n<p>&nbsp;<\/p>\n<p><strong><span style=\"color: #aa305d;\">Ablauf<\/span><\/strong><\/p>\n<p>Das \u201eSeniorenzentrum G\u00f6ggingen\u201c ist bei mehreren Berufsfachschulen als Praxispartner gelistet. Sobald ein Ausbildungsvertrag mit einer Berufsfachschule vorliegt, k\u00f6nnen Sie sich mit diesem Vertrag als Nachweis bei uns auf eine Praxisstelle bewerben. Wir freuen uns auf Sie!<\/p>\n<p>&nbsp;<\/p>\n<p><strong><span style=\"color: #aa305d;\">Ausbildungsdauer<\/span><\/strong><\/p>\n<p>1 Jahr (in Vollzeit)<\/p>\n<p>&nbsp;<\/p>\n<p><strong><span style=\"color: #aa305d;\">Sie lernen von uns<\/span><\/strong><\/p>\n<ul>\n<li>Pflegen, Betreuen und Beraten von hilfsbed\u00fcrftigen \u00e4lteren Menschen<\/li>\n<li>Unterst\u00fctzung bei Verrichtungen des t\u00e4glichen Lebens (K\u00f6rperpflege, Ankleiden, Hilfe bei der Nahrungsaufnahme und Gestaltung von Aktivit\u00e4ten)<\/li>\n<li>Konversation mit den Bewohnern<\/li>\n<li>Mithilfe bei Aufgaben im therapeutischen und medizinisch-pflegerischen Bereich, z. B. Wechseln von Verb\u00e4nden, Durchf\u00fchren von Sp\u00fclungen<\/li>\n<li>Umgang mit der Pflegesoftware \u201eMediFox\u201c und der Strukturierten Informationssammlung (SIS)<\/li>\n<\/ul>\n<p>&nbsp;<\/p>\n<p><strong><span style=\"color: #aa305d;\">Wir unterst\u00fctzen Sie durch<\/span><\/strong><\/p>\n<ul>\n<li>Kompetente Praxisanleitung durch Mentoren innerhalb unseres Hauses<\/li>\n<li>M\u00f6glichkeiten zur R\u00fccksprache bei allen offenen Fragen<\/li>\n<li>Enge Verzahnung zwischen Theorie und Praxis<\/li>\n<li>Rundum gute Betreuung von allen Seiten<\/li>\n<\/ul>\n<p>&nbsp;<\/p>\n<p><strong><span style=\"color: #aa305d;\">Ort der Ausbildung<\/span><\/strong><\/p>\n<p>Die theoretische Ausbildung findet in Berufsfachschulen statt und umfasst 720 Theoriestunden. Die praktische Ausbildung kann im ambulanten und\/oder station\u00e4ren Bereich des \u201eSeniorenzentrum G\u00f6ggingen\u201c absolviert werden. Der Umfang des Praxiseinsatzes betr\u00e4gt dabei 850 Stunden.<\/p>\n<p>&nbsp;<\/p>\n<p><strong><span style=\"color: #aa305d;\">Entlohnung<\/span><\/strong><\/p>\n<p>Die Ausbildung zur Altenpflegefachhelferin \/ zum Altenpflegefachhelfer ist eine schulische Ausbildung f\u00fcr die keine Entlohnung vorgesehen ist.<\/p>\n<p>Das \u201eseniorenzentrum G\u00f6ggingen\u201c unterst\u00fctzt Sie jedoch w\u00e4hrend der Praktikumseins\u00e4tze mit einem kleinen Taschengeld.<\/p>\n<p>&nbsp;<\/p>\n<p><strong><span style=\"color: #aa305d;\">Zugangsvoraussetzungen<\/span><\/strong><\/p>\n<p>Sie k\u00f6nnen sich bewerben, wenn Sie<\/p>\n<ul>\n<li>\u00fcber einen Hauptschulabschluss verf\u00fcgen<\/li>\n<li>die gesundheitliche Eignung f\u00fcr diesen Beruf mitbringen<\/li>\n<li>mind. 17 Jahre alt sind (auf Antrag 16 Jahre)<\/li>\n<\/ul>\n<p>&nbsp;<\/p>\n<p><strong><span style=\"color: #aa305d;\">Ihre Zukunftschancen<\/span><\/strong><\/p>\n<p>Nach der Ausbildung zur Altenpflegefachhelferin \/ zum Altenpflegefachhelfer haben Sie die M\u00f6glichkeit, die Ausbildung zur Altenpflegerin \/ zum Altenpfleger zu absolvieren.<\/p>\n<p>Ihre Ausbildung zur\/zum Altenpflegefachhelfer\/in kann die dreij\u00e4hrige Ausbildung zum\/r Altenpfleger\/in auf zwei Jahre verk\u00fcrzen.[\/vc_column_text][\/vc_tta_section][\/vc_tta_accordion][\/vc_column][\/vc_row][vc_row][vc_column][vc_empty_space][\/vc_column][\/vc_row][vc_row][vc_column][vc_column_text]<\/p>\n<div class=\"wpcf7 no-js\" id=\"wpcf7-f1111-o1\" lang=\"de-DE\" dir=\"ltr\">\n<div class=\"screen-reader-response\"><p role=\"status\" aria-live=\"polite\" aria-atomic=\"true\"><\/p> <ul><\/ul><\/div>\n<form action=\"\/index.php?rest_route=%2Fwp%2Fv2%2Fpages%2F504#wpcf7-f1111-o1\" method=\"post\" class=\"wpcf7-form init\" aria-label=\"Kontaktformular\" enctype=\"multipart\/form-data\" novalidate=\"novalidate\" data-status=\"init\">\n<div style=\"display: none;\">\n<input type=\"hidden\" name=\"_wpcf7\" value=\"1111\" \/>\n<input type=\"hidden\" name=\"_wpcf7_version\" value=\"5.8\" \/>\n<input type=\"hidden\" name=\"_wpcf7_locale\" value=\"de_DE\" \/>\n<input type=\"hidden\" name=\"_wpcf7_unit_tag\" value=\"wpcf7-f1111-o1\" \/>\n<input type=\"hidden\" name=\"_wpcf7_container_post\" value=\"0\" \/>\n<input type=\"hidden\" name=\"_wpcf7_posted_data_hash\" value=\"\" \/>\n<\/div>\n<p>Ihr Name (Pflichtfeld)\n<\/p>\n<p><span class=\"wpcf7-form-control-wrap\" data-name=\"your-name\"><input size=\"40\" class=\"wpcf7-form-control wpcf7-text wpcf7-validates-as-required\" aria-required=\"true\" aria-invalid=\"false\" value=\"\" type=\"text\" name=\"your-name\" \/><\/span>\n<\/p>\n<p>telefonisch erreichbar unter\n<\/p>\n<p><span class=\"wpcf7-form-control-wrap\" data-name=\"tel-939\"><input size=\"40\" class=\"wpcf7-form-control wpcf7-tel wpcf7-text wpcf7-validates-as-tel\" aria-invalid=\"false\" value=\"\" type=\"tel\" name=\"tel-939\" \/><\/span>\n<\/p>\n<p>Ihre E-Mail-Adresse (Pflichtfeld)\n<\/p>\n<p><span class=\"wpcf7-form-control-wrap\" data-name=\"your-email\"><input size=\"40\" class=\"wpcf7-form-control wpcf7-email wpcf7-validates-as-required wpcf7-text wpcf7-validates-as-email\" aria-required=\"true\" aria-invalid=\"false\" value=\"\" type=\"email\" name=\"your-email\" \/><\/span>\n<\/p>\n<p>Betreff (Pflichtfeld)\n<\/p>\n<p><span class=\"wpcf7-form-control-wrap\" data-name=\"text-218\"><input size=\"40\" class=\"wpcf7-form-control wpcf7-text wpcf7-validates-as-required\" aria-required=\"true\" aria-invalid=\"false\" value=\"\" type=\"text\" name=\"text-218\" \/><\/span>\n<\/p>\n<p>Ihre Nachricht (Pflichtfeld)\n<\/p>\n<p><span class=\"wpcf7-form-control-wrap\" data-name=\"textarea-977\"><textarea cols=\"40\" rows=\"10\" class=\"wpcf7-form-control wpcf7-textarea wpcf7-validates-as-required\" aria-required=\"true\" aria-invalid=\"false\" name=\"textarea-977\"><\/textarea><\/span>\n<\/p>\n<p><span class=\"wpcf7-form-control-wrap\" data-name=\"Anhang\"><input size=\"40\" class=\"wpcf7-form-control wpcf7-file\" accept=\".jpg,.jpeg,.pdf\" aria-invalid=\"false\" type=\"file\" name=\"Anhang\" \/><\/span>\n<\/p>\n<p><label class=\"checkbox-table\"><span class=\"wpcf7-form-control-wrap\" data-name=\"datenschutz\"><span class=\"wpcf7-form-control wpcf7-checkbox wpcf7-validates-as-required\"><span class=\"wpcf7-list-item first last\"><input type=\"checkbox\" name=\"datenschutz[]\" value=\"\" \/><span class=\"wpcf7-list-item-label\"><\/span><\/span><\/span><\/span><span>Ich habe die <a href=\"https:\/\/www.sz-goeggingen.de\/datenschutzerklaerung\/\" target=\"_blank\">Datenschutzerkl\u00e4rung<\/a> zur Kenntnis genommen. Ich stimme zu, dass meine Angaben zur Kontaktaufnahme und f\u00fcr R\u00fcckfragen dauerhaft gespeichert werden. Sie k\u00f6nnen Ihre Einwilligung jederzeit f\u00fcr die Zukunft per Mail an <a href=\"mailto:info@sz-goeggingen.de\">info@sz-goeggingen.de<\/a> widerrufen.<\/span><\/label>\n<\/p>\n<p><input class=\"wpcf7-form-control wpcf7-submit has-spinner\" type=\"submit\" value=\"Senden\" \/>\n<\/p><div class=\"wpcf7-response-output\" aria-hidden=\"true\"><\/div>\n<\/form>\n<\/div>\n[\/vc_column_text][\/vc_column][\/vc_row]<\/p>\n","protected":false},"excerpt":{"rendered":"<p>[vc_row][vc_column][vc_single_image image=&#8220;2100&#8243; img_size=&#8220;1140&#215;550&#8243;][\/vc_column][\/vc_row][vc_row css=&#8220;.vc_custom_1455449271627{margin-top: 30px !important;}&#8220;][vc_column][vc_column_text]In unserer Pflegeeinrichtung bieten wir unterschiedliche Ausbildungen in dem Bereich Pflege an. Genauere Informationen zu den verschiedenen Ausbildungen finden Sie unter den entsprechenden Reitern. Wenn wir Ihr Interesse und Ihre Begeisterung f\u00fcr eine Ausbildung bei uns im \u201eSeniorenzentrum G\u00f6ggingen\u201c geweckt haben, k\u00f6nnen Sie sich \u00fcber das untenstehende Formular direkt bei [&hellip;]<\/p>\n","protected":false},"author":3,"featured_media":2100,"parent":500,"menu_order":2,"comment_status":"closed","ping_status":"closed","template":"page-tpl_left_sidebar.php","meta":[],"_links":{"self":[{"href":"https:\/\/www.sz-goeggingen.de\/index.php?rest_route=\/wp\/v2\/pages\/504"}],"collection":[{"href":"https:\/\/www.sz-goeggingen.de\/index.php?rest_route=\/wp\/v2\/pages"}],"about":[{"href":"https:\/\/www.sz-goeggingen.de\/index.php?rest_route=\/wp\/v2\/types\/page"}],"author":[{"embeddable":true,"href":"https:\/\/www.sz-goeggingen.de\/index.php?rest_route=\/wp\/v2\/users\/3"}],"replies":[{"embeddable":true,"href":"https:\/\/www.sz-goeggingen.de\/index.php?rest_route=%2Fwp%2Fv2%2Fcomments&post=504"}],"version-history":[{"count":13,"href":"https:\/\/www.sz-goeggingen.de\/index.php?rest_route=\/wp\/v2\/pages\/504\/revisions"}],"predecessor-version":[{"id":2662,"href":"https:\/\/www.sz-goeggingen.de\/index.php?rest_route=\/wp\/v2\/pages\/504\/revisions\/2662"}],"up":[{"embeddable":true,"href":"https:\/\/www.sz-goeggingen.de\/index.php?rest_route=\/wp\/v2\/pages\/500"}],"wp:featuredmedia":[{"embeddable":true,"href":"https:\/\/www.sz-goeggingen.de\/index.php?rest_route=\/wp\/v2\/media\/2100"}],"wp:attachment":[{"href":"https:\/\/www.sz-goeggingen.de\/index.php?rest_route=%2Fwp%2Fv2%2Fmedia&parent=504"}],"curies":[{"name":"wp","href":"https:\/\/api.w.org\/{rel}","templated":true}]}}