{"id":548,"date":"2016-04-22T08:10:25","date_gmt":"2016-04-22T08:10:25","guid":{"rendered":"https:\/\/www.sz-goeggingen.de\/?page_id=548"},"modified":"2024-05-29T08:11:29","modified_gmt":"2024-05-29T08:11:29","slug":"unser-haus","status":"publish","type":"page","link":"https:\/\/www.sz-goeggingen.de\/?page_id=548","title":{"rendered":"Unser Haus"},"content":{"rendered":"<p>[vc_row css=&#8220;.vc_custom_1507194366992{background-position: center !important;background-repeat: no-repeat !important;background-size: cover !important;}&#8220;][vc_column][vc_gallery interval=&#8220;3&#8243; images=&#8220;1552,1553,1990&#8243; img_size=&#8220;1140&#215;540&#8243;][\/vc_column][\/vc_row][vc_row][vc_column][vc_column_text]Das <strong><span style=\"color: #aa305d;\">\u201eSeniorenzentrum G\u00f6ggingen\u201c<\/span><\/strong> befindet sich in der Gemeinde G\u00f6ggingen im Ostalbkreis. Diese Pflegeeinrichtung, sowie neun weitere, sind Teil eines privaten Tr\u00e4gers. Weitere Informationen \u00fcber unsere anderen Einrichtungen finden Sie unter Folgendem Link: <a href=\"https:\/\/www.sz-goeggingen.de\/stellenangebote\/weitere-einrichtungen\/\">&#8222;Weitere Einrichtungen&#8220;<\/a>.<\/p>\n<p>Das \u201eSeniorenzentrum G\u00f6ggingen\u201c liegt in einer sch\u00f6nen und ruhigen Umgebung direkt einem Wohngebiet.<\/p>\n<p>&nbsp;<\/p>\n<h4><span style=\"color: #aa305d;\">Eckdaten<\/span><\/h4>\n<p>Unsere Pflegeeinrichtung bietet insgesamt f\u00fcr 60 Bewohner ein neues Zuhause. Die Zimmer der Bewohner verteilen sich \u00fcber zwei Stockwerke.<\/p>\n<p>&nbsp;<\/p>\n<h4><span style=\"color: #aa305d;\">Grundausstattung Wohnraum<\/span><\/h4>\n<ul>\n<li style=\"list-style-type: none;\">\n<ul>\n<li style=\"list-style-type: none;\">\n<ul>\n<li>Duschbad(barrierefreie Dusche, WC, Waschbecken)<\/li>\n<li>Notrufsystem<\/li>\n<li>Telefon-\/ Fernsehanschluss<\/li>\n<li>M\u00f6bliert (Pflegebett, Kleiderschrank, Pflegenachttisch, Kommode, Tisch, St\u00fchle)<\/li>\n<li>Mitnahme eigener M\u00f6bel m\u00f6glich<\/li>\n<\/ul>\n<\/li>\n<\/ul>\n<\/li>\n<\/ul>\n<p>&nbsp;<\/p>\n<h4><span style=\"color: #aa305d;\">Ausstattung Seniorenzentrum\u00a0<\/span><\/h4>\n<p>Unser modern eingerichtetes Seniorenzentrum ist mit einem gro\u00dfen Gemeinschaftsraum inklusive Essbereich, einer K\u00fcche und einem Pflegebad mit einer h\u00f6henverstellbaren Pflegewanne je Wohnbereich ausgestattet. Der Gemeinschaftsraum ist hierbei der zentrale Kommunikations- und Lebensraum unserer Bewohner.<\/p>\n<p>Des Weiteren verf\u00fcgt unser Haus \u00fcber einen sch\u00f6nen angelegten Au\u00dfenbereich mit Terrasse. Um f\u00fcr das leibliche Wohl unserer Bewohner bestens sorgen zu k\u00f6nnen, enth\u00e4lt unsere Pflegeeinrichtung eine hauseigene K\u00fcche und eine hauseigene W\u00e4scherei.<\/p>\n<p>In unserem offen gestalteten, hellen Foyer erhalten Sie einen ersten Eindruck vom freundlichen Ambiente unserer Einrichtung. Besuchen Sie uns doch einmal, wir w\u00fcrden uns sehr dar\u00fcber freuen.[\/vc_column_text][\/vc_column][\/vc_row]<\/p>\n","protected":false},"excerpt":{"rendered":"<p>[vc_row css=&#8220;.vc_custom_1507194366992{background-position: center !important;background-repeat: no-repeat !important;background-size: cover !important;}&#8220;][vc_column][vc_gallery interval=&#8220;3&#8243; images=&#8220;1552,1553,1990&#8243; img_size=&#8220;1140&#215;540&#8243;][\/vc_column][\/vc_row][vc_row][vc_column][vc_column_text]Das \u201eSeniorenzentrum G\u00f6ggingen\u201c befindet sich in der Gemeinde G\u00f6ggingen im Ostalbkreis. Diese Pflegeeinrichtung, sowie neun weitere, sind Teil eines privaten Tr\u00e4gers. Weitere Informationen \u00fcber unsere anderen Einrichtungen finden Sie unter Folgendem Link: &#8222;Weitere Einrichtungen&#8220;. Das \u201eSeniorenzentrum G\u00f6ggingen\u201c liegt in einer sch\u00f6nen und ruhigen Umgebung direkt [&hellip;]<\/p>\n","protected":false},"author":2,"featured_media":1612,"parent":0,"menu_order":0,"comment_status":"closed","ping_status":"closed","template":"page-tpl_left_sidebar.php","meta":[],"_links":{"self":[{"href":"https:\/\/www.sz-goeggingen.de\/index.php?rest_route=\/wp\/v2\/pages\/548"}],"collection":[{"href":"https:\/\/www.sz-goeggingen.de\/index.php?rest_route=\/wp\/v2\/pages"}],"about":[{"href":"https:\/\/www.sz-goeggingen.de\/index.php?rest_route=\/wp\/v2\/types\/page"}],"author":[{"embeddable":true,"href":"https:\/\/www.sz-goeggingen.de\/index.php?rest_route=\/wp\/v2\/users\/2"}],"replies":[{"embeddable":true,"href":"https:\/\/www.sz-goeggingen.de\/index.php?rest_route=%2Fwp%2Fv2%2Fcomments&post=548"}],"version-history":[{"count":11,"href":"https:\/\/www.sz-goeggingen.de\/index.php?rest_route=\/wp\/v2\/pages\/548\/revisions"}],"predecessor-version":[{"id":2635,"href":"https:\/\/www.sz-goeggingen.de\/index.php?rest_route=\/wp\/v2\/pages\/548\/revisions\/2635"}],"wp:featuredmedia":[{"embeddable":true,"href":"https:\/\/www.sz-goeggingen.de\/index.php?rest_route=\/wp\/v2\/media\/1612"}],"wp:attachment":[{"href":"https:\/\/www.sz-goeggingen.de\/index.php?rest_route=%2Fwp%2Fv2%2Fmedia&parent=548"}],"curies":[{"name":"wp","href":"https:\/\/api.w.org\/{rel}","templated":true}]}}