{"id":557,"date":"2016-04-22T13:45:47","date_gmt":"2016-04-22T13:45:47","guid":{"rendered":"https:\/\/www.sz-goeggingen.de\/?page_id=557"},"modified":"2023-11-30T12:36:07","modified_gmt":"2023-11-30T12:36:07","slug":"datenschutzerklaerung","status":"publish","type":"page","link":"https:\/\/www.sz-goeggingen.de\/?page_id=557","title":{"rendered":"Datenschutzerkl\u00e4rung"},"content":{"rendered":"<p>[vc_row][vc_column][vc_column_text]<strong>Grundlegendes<\/strong><\/p>\n<p>Diese Datenschutzerkl\u00e4rung soll die Nutzer dieser Website \u00fcber die Art, den Umfang und den Zweck der Erhebung und Verwendung personenbezogener Daten informieren. Der Verantwortliche im Sinne der Datenschutz-Grundverordnung und anderer nationaler Datenschutzgesetze der Mitglieds-staaten sowie sonstiger datenschutzrechtlicher Bestimmungen ist die:<\/p>\n<p>SeWo Seniorenbetreuungsgesellschaft mbH<br \/>\nPfarrer-Lohr-Stra\u00dfe 7\/2<br \/>\n88353 Ki\u00dflegg<br \/>\nDeutschland<br \/>\nTelefon 07535-91349-0<br \/>\nE-Mail: <a href=\"mailto:info@sz-goeggingen.de\">info@sz-goeggingen.de<\/a><\/p>\n<p>&nbsp;<\/p>\n<p>Der Websitebetreiber nimmt Ihren Datenschutz sehr ernst und behandelt Ihre personenbezogenen Daten vertraulich und entsprechend der gesetzlichen Vorschriften. Da durch neue Technologien und die st\u00e4ndige Weiterentwicklung dieser Webseite \u00c4nderungen an dieser Datenschutzerkl\u00e4rung vorgenommen werden k\u00f6nnen, empfehlen wir Ihnen sich die Datenschutzerkl\u00e4rung in regelm\u00e4\u00dfigen Abst\u00e4nden wieder durchzulesen. Definitionen der verwendeten Begriffe (z.B. \u201cpersonenbezogene Daten\u201d oder \u201cVerarbeitung\u201d) finden Sie in Art. 4 DSGVO.<\/p>\n<p>Sollten dar\u00fcber hinaus Fragen im Zusammenhang mit unserem Internetauftritt auftreten, so k\u00f6nnen Sie sich an unseren Datenschutzbeauftragten wenden:<\/p>\n<p>E-Mail: <a href=\"mailto:datenschutzbeauftragter@sz-goeggingen.de\">datenschutzbeauftragter@sz-goeggingen.de<\/a><\/p>\n<p>&nbsp;<\/p>\n<p><strong>Umfang der Verarbeitung bezogener Daten<\/strong><\/p>\n<p>Wir verarbeiten personenbezogene Daten unserer Nutzer grunds\u00e4tzlich nur, soweit dies zur Bereitstellung einer funktionsf\u00e4higen Website sowie unserer Inhalte und Leistungen erforderlich ist. Die Verarbeitung personenbezogener Daten unserer Nutzer erfolgt regelm\u00e4\u00dfig nur nach Einwilligung des Nutzers. Eine Ausnahme gilt in solchen F\u00e4llen, in denen vorherige Einholung einer Einwilligung aus tats\u00e4chlichen Gr\u00fcnden nicht m\u00f6glich ist und die Verarbeitung der Daten durch gesetzliche Vorschriften gestattet ist.<\/p>\n<p>&nbsp;<\/p>\n<p><strong>Rechtsgrundlage f\u00fcr die Verarbeitung personenbezogener Daten<\/strong><\/p>\n<p>Soweit wir f\u00fcr Verarbeitungsvorg\u00e4nge personenbezogener Daten eine Einwilligung der betroffenen Person einholen, dient Art.\u00a06 Abs.\u00a01 lit.\u00a0a EU-Datenschutzgrundverordnung (DSGVO) als Rechtsgrundlage. Bei der Verarbeitung von personenbezogenen Daten, die zur Erf\u00fcllung eines Vertrages, dessen Vertragspartei die betroffene Person ist, erforderlich ist, dient Art.\u00a06 Abs.\u00a01 lit.\u00a0b DSGVO als Rechtsgrundlage. Dies gilt auch f\u00fcr Verarbeitungsvorg\u00e4nge, die zur Durchf\u00fchrung vorvertraglicher Ma\u00dfnahmen erforderlich sind.<\/p>\n<p>Soweit eine Verarbeitung personenbezogener Daten zur Erf\u00fcllung einer rechtlichen Verpflichtung erforderlich ist, der unser Unternehmen unterliegt, dient Art.\u00a06 Abs.\u00a01 lit.\u00a0c DSGVO als Rechtsgrundlage.<\/p>\n<p>F\u00fcr den Fall, dass lebenswichtige Interessen der betroffenen Person oder einer anderen nat\u00fcrlichen Person eine Verarbeitung personenbezogener Daten erforderlich machen, dient Art.\u00a06 Abs.\u00a01 lit.\u00a0d DSGVO als Rechtsgrundlage. Ist die Verarbeitung zur Wahrung eines berechtigten Interesses unseres Unternehmens oder eines Dritten erforderlich und \u00fcberwiegen die Interessen, Grundrechte und Grundfreiheiten des Betroffenen das erstgenannte Interesse nicht, so dient Art.\u00a06 Abs.\u00a01 lit.\u00a0f DSGVO als Rechtsgrundlage f\u00fcr die Verarbeitung.<\/p>\n<p>&nbsp;<\/p>\n<p><strong>Datenl\u00f6schung und Speicherdauer<\/strong><\/p>\n<p>Die personenbezogenen Daten der betroffenen Person werden gel\u00f6scht oder gesperrt, sobald der Zweck der Speicherung entf\u00e4llt. Eine Speicherung kann dar\u00fcber hinaus erfolgen, wenn dies durch den europ\u00e4ischen oder nationalen Gesetzgeber in unionsrechtlichen Verordnungen, Gesetzen oder sonstigen Vorschriften, denen der Verantwortliche unterliegt, vorgesehen wurde. Eine Sperrung oder L\u00f6schung der Daten erfolgt auch dann, wenn eine durch die genannten Normen vorgeschriebene Speicherfrist abl\u00e4uft, es sei denn, dass eine Erforderlichkeit zur weiteren Speicherung der Daten f\u00fcr einen Vertragsabschluss oder eine Vertragserf\u00fcllung besteht.<\/p>\n<p>&nbsp;<\/p>\n<p><strong>Zugriffsdaten<\/strong><\/p>\n<p>Wir, der Websitebetreiber bzw. Seitenprovider, erheben aufgrund unseres berechtigten Interesses (s. Art. 6 Abs. 1 lit. f. DSGVO) Daten \u00fcber Zugriffe auf die Website und speichern diese als \u201eServer-Logfiles\u201c auf dem Server der Website ab. Folgende Daten werden so protokolliert:<\/p>\n<ul>\n<li>Besuchte Website<\/li>\n<li>Uhrzeit zum Zeitpunkt des Zugriffes<\/li>\n<li>Menge der gesendeten Daten in Byte<\/li>\n<li>Quelle\/Verweis, von welchem Sie auf die Seite gelangten<\/li>\n<li>Verwendeter Browser<\/li>\n<li>Verwendetes Betriebssystem<\/li>\n<li>Verwendete IP-Adresse<\/li>\n<\/ul>\n<p>Die Server-Logfiles werden f\u00fcr maximal 7 Tage gespeichert und anschlie\u00dfend gel\u00f6scht. Die Speicherung der Daten erfolgt aus Sicherheitsgr\u00fcnden, um z. B. Missbrauchsf\u00e4lle aufkl\u00e4ren zu k\u00f6nnen. M\u00fcssen Daten aus Beweisgr\u00fcnden aufgehoben werden, sind sie solange von der L\u00f6schung ausgenommen bis der Vorfall endg\u00fcltig gekl\u00e4rt ist.<\/p>\n<p>&nbsp;<\/p>\n<p><strong>Reichweitenmessung &amp; Cookies <\/strong><\/p>\n<p>Diese Website verwendet Cookies zur pseudonymisierten Reichweitenmessung, die entweder von unserem Server oder dem Server Dritter an den Browser des Nutzers\u00fcbertragen werden. Bei Cookies handelt es sich um kleine Dateien, welche auf Ihrem Endger\u00e4t gespeichert werden. Ihr Browser greift auf diese Dateien zu. Durch den Einsatz von Cookies erh\u00f6ht sich die Benutzerfreundlichkeit und Sicherheit dieser Website. Falls Sie nicht m\u00f6chten, dass Cookies zur Reichweitenmessung auf Ihrem Endger\u00e4t gespeichert werden, k\u00f6nnen Sie dem Einsatz dieser Dateien hier widersprechen:<\/p>\n<ul>\n<li>Cookie-Deaktivierungsseite der Netzwerkwerbeinitiative:<\/li>\n<\/ul>\n<p><a href=\"http:\/\/optout.networkadvertising.org\/?c=1#!\/\">http:\/\/optout.networkadvertising.org\/?c=1#!\/<\/a><\/p>\n<ul>\n<li>Cookie-Deaktivierungsseite der US-amerikanischen Website:<\/li>\n<\/ul>\n<p><a href=\"http:\/\/optout.aboutads.info\/?c=2#!\/\">http:\/\/optout.aboutads.info\/?c=2#!\/<\/a><\/p>\n<ul>\n<li>Cookie-Deaktivierungsseite der europ\u00e4ischen Website:<\/li>\n<\/ul>\n<p><a href=\"http:\/\/optout.networkadvertising.org\/?c=1#!\/\">http:\/\/optout.networkadvertising.org\/?c=1#!\/<\/a><\/p>\n<p>G\u00e4ngige Browser bieten die Einstellungsoption, Cookies nicht zuzulassen. Hinweis: Es ist nicht gew\u00e4hrleistet, dass Sie auf alle Funktionen dieser Website ohne Einschr\u00e4nkungen zugreifen k\u00f6nnen, wenn Sie entsprechende Einstellungen vornehmen.<\/p>\n<p>&nbsp;<\/p>\n<p><strong>Erfassung und Verarbeitung personenbezogener Daten <\/strong><\/p>\n<p>Der Websitebetreiber erhebt, nutzt und gibt Ihre personenbezogenen Daten nur dann weiter, wenn dies im gesetzlichen Rahmen erlaubt ist oder Sie in die Datenerhebung einwilligen. Als personenbezogene Daten gelten s\u00e4mtliche Informationen, welche dazu dienen, Ihre Person zu bestimmen und welche zu Ihnen zur\u00fcckverfolgt werden k\u00f6nnen \u2013 also beispielsweise Ihr Name, Ihre E-Mail-Adresse und Telefonnummer.<\/p>\n<p>Diese Website k\u00f6nnen Sie auch besuchen, ohne Angaben zu Ihrer Person zu machen. Zur Verbesserung unseres Online-Angebotes speichern wir jedoch (ohne Personenbezug) Ihre Zugriffsdaten auf diese Website. Zu diesen Zugriffsdaten geh\u00f6ren z. B. die von Ihnen angeforderte Datei oder der Name Ihres Internet-Providers. Durch die Anonymisierung der Daten sind R\u00fcckschl\u00fcsse auf Ihre Person nicht m\u00f6glich.<\/p>\n<p>Wir verarbeiten personenbezogene Daten wie Vorname, Nachname, IPAdresse, E-Mail-Adresse, Wohnort, Postleitzahl, Telefonnummer und Inhaltsangaben aus dem Kontaktformular sowie beigef\u00fcgte Dateien.<\/p>\n<p>Wir verarbeiten personenbezogene Daten nur nach ausdr\u00fccklicher Erlaubnis der betreffenden Nutzer und unter Einhaltung der geltenden Datenschutzbestimmungen.<\/p>\n<p>Die Verarbeitung der personenbezogenen Daten erfolgt aufgrund unseres berechtigten Interesses zur Erf\u00fcllung unserer vertraglich vereinbarten Leistungen und zur Optimierung unseres Online-Angebotes.<\/p>\n<p>&nbsp;<\/p>\n<p class=\"x_MsoNormal\"><b>Daten\u00fcbertragung mit SSL-Verschl\u00fcsselung<\/b><\/p>\n<p class=\"x_MsoNormal\">Eine der wichtigsten M\u00f6glichkeiten, den Datenaustausch zwischen einem Server und einem darauf zugreifenden Computer abzusichern, ist der Einsatz von SSL (Secure Socket Layer). Damit ist es m\u00f6glich Daten zwischen Computern auszutauschen, ohne dass diese von Dritten mitgelesen werden k\u00f6nnen. Diese Seite nutzt aus Sicherheitsgr\u00fcnden und zum Schutz der \u00dcbertragung vertraulicher Inhalte, wie zum Beispiel Anfragen oder Bewerbungen, die Sie an uns als Seitenbetreiber senden, eine SSL-Verschl\u00fcsselung. Wurde eine Seite \u00fcber eine SSL-gesicherte Verbindung geladen, k\u00f6nnen Sie dies an Hand der in Ihrem Browser angezeigten Adresse (URL) nachvollziehen. Statt http:\/\/ steht hier nun https\/\/. Manche Browser kennzeichnen gesch\u00fctzte Seiten zus\u00e4tzlich durch ein Schloss-Symbol. Klicken Sie auf das Symbol, dann k\u00f6nnen Sie mehr Informationen zu der Verschl\u00fcsselung einsehen.<\/p>\n<p>&nbsp;<\/p>\n<p><strong>Kontaktformular und E-Mail-Kontakt<\/strong><\/p>\n<p>Auf unserer Internetseite sind zwei Kontaktformulare vorhanden, welche f\u00fcr die elektronische Kontaktaufnahme genutzt werden kann. Nimmt ein Nutzer diese M\u00f6glichkeit wahr, so werden die in der Eingabemaske eingegebenen Daten an uns \u00fcbermittelt und gespeichert. Diese Daten sind:<\/p>\n<ul>\n<li>Die IP-Adresse des Nutzers<\/li>\n<li>Datum und Uhrzeit der Registrierung<\/li>\n<li>Name und Vorname<\/li>\n<li>Wohnort, Stra\u00dfe und Postleitzahl<\/li>\n<li>Telefonnummer<\/li>\n<li>Leistungsgrund<\/li>\n<li>E-Mail-Adresse<\/li>\n<li>Inhaltsangaben aus dem Kontaktformular<\/li>\n<li>Beigef\u00fcgte Dateien<\/li>\n<\/ul>\n<p>&nbsp;<\/p>\n<p>F\u00fcr die Verarbeitung der Daten wird im Rahmen des Absendevorgangs Ihre Einwilligung eingeholt und auf diese Datenschutzerkl\u00e4rung verwiesen. Alternativ ist eine Kontaktaufnahme \u00fcber die bereitgestellte E-Mail-Adresse m\u00f6glich. In diesem Fall werden die mit der E-Mail \u00fcbermittelten personenbezogenen Daten des Nutzers gespeichert.<\/p>\n<p>Es erfolgt in diesem Zusammenhang keine Weitergabe der Daten an Dritte. Die Daten werden ausschlie\u00dflich f\u00fcr die Verarbeitung der Konversation verwendet.<\/p>\n<p>&nbsp;<\/p>\n<p><strong>Links zu externen Websites Dritter<\/strong><\/p>\n<p>Auf unserer Internetseite verweisen unter \u201eKooperationspartner\u201c auf Inhalte externer Websites. Diese sind durch die Angabe expliziter Links, anhand entsprechender Hinweise im Text oder die Kennzeichnung mit dem Symbol erkennbar. Die externen Verweise werden in einem eigenen Browserfenster ge\u00f6ffnet. Die Nutzung dieser fremden Inhalte unterliegt gegebenenfalls anderen Vorgaben als den hier dargestellten.<\/p>\n<p>&nbsp;<\/p>\n<p><strong>Google Analytics <\/strong><\/p>\n<p>Diese Website nutzt aufgrund unserer berechtigten Interessen zur Optimierung und Analyse unseres Online-Angebots im Sinne des Art. 6 Abs. 1 lit. f. DSGVO den Dienst \u201eGoogle Analytics\u201c, welcher von der Google Inc. (1600 Amphitheatre Parkway Mountain View, CA 94043, USA) angeboten wird. Der Dienst (Google Analytics) verwendet \u201eCookies\u201c \u2013 Textdateien, welche auf Ihrem Endger\u00e4t gespeichert werden. Die durch die Cookies gesammelten Informationen werden im Regelfall an einen Google-Server in den USA gesandt und dort gespeichert.<\/p>\n<p>Google LLC h\u00e4lt das europ\u00e4ische Datenschutzrecht ein und ist unter dem Privacy-ShieldAbkommen zertifiziert:<\/p>\n<p><a href=\"https:\/\/www.privacyshield.gov\/participant?id=a2zt000000001L5AAI&amp;status=Active\">https:\/\/www.privacyshield.gov\/participant?id=a2zt000000001L5AAI&amp;status=Active<\/a><\/p>\n<p>Auf dieser Website greift die IP-Anonymisierung. Die IP-Adresse der Nutzer wird innerhalb der Mitgliedsstaaten der EU und des Europ\u00e4ischen Wirtschaftsraum und in den anderen Vertragsstaaten des Abkommens gek\u00fcrzt. Nur in Einzelf\u00e4llen wird die IP-Adresse zun\u00e4chst ungek\u00fcrzt in die USA an einen Server von Google \u00fcbertragen und dort gek\u00fcrzt. Durch diese K\u00fcrzung entf\u00e4llt der Personenbezug Ihrer IP-Adresse. Die vom Browser \u00fcbermittelte IPAdresse des Nutzers wird nicht mit anderen von Google gespeicherten Daten kombiniert.<\/p>\n<p>Im Rahmen der Vereinbarung zur Auftragsdatenvereinbarung, welche wir als Websitebetreiber mit der Google Inc. geschlossen haben, erstellt diese mithilfe der gesammelten Informationen eine Auswertung der Websitenutzung und der Websiteaktivit\u00e4t und erbringt mit der Internetnutzung verbundene Dienstleistungen.<\/p>\n<p>Die von Google in unserem Auftrag erhobenen Daten werden genutzt, um die Nutzung unseres Online-Angebots durch die einzelnen Nutzer auswerten zu k\u00f6nnen, z. B. um Reports \u00fcber die Aktivit\u00e4t auf der Website zu erstellen, um unser Online-Angebot zu verbessern. Sie haben die M\u00f6glichkeit, die Speicherung der Cookies auf Ihrem Ger\u00e4t zu verhindern, indem Sie in Ihrem Browser entsprechende Einstellungen vornehmen. Es ist nicht gew\u00e4hrleistet, dass Sie auf alle Funktionen dieser Website ohne Einschr\u00e4nkungen zugreifen k\u00f6nnen, wenn Ihr Browser keine Cookies zul\u00e4sst.<\/p>\n<p>Weiterhin k\u00f6nnen Sie durch ein Browser-Plugin verhindern, dass die durch Cookies gesammelten Informationen (inklusive Ihrer IP-Adresse) an die Google Inc. gesendet und von der Google Inc. genutzt werden. Folgender Link f\u00fchrt Sie zu dem entsprechenden Plugin: <a href=\"https:\/\/tools.google.com\/dlpage\/gaoptout?hl=de\">https:\/\/tools.google.com\/dlpage\/gaoptout?hl=de<\/a><\/p>\n<p>Alternativ verhindern Sie mit einem Klick auf diesen Link (WICHTIG: Opt-Out-Link einf\u00fcgen), dass Google Analytics innerhalb dieser Website Daten \u00fcber Sie erfasst. Mit dem Klick auf obigen Link laden Sie ein \u201eOpt-Out-Cookie\u201c herunter. Ihr Browser muss die Speicherung von Cookies also hierzu grunds\u00e4tzlich erlauben. L\u00f6schen Sie Ihre Cookies regelm\u00e4\u00dfig, ist ein erneuter Klick auf den Link bei jedem Besuch dieser Website vonn\u00f6ten.<\/p>\n<p>Hier finden Sie weitere Informationen zur Datennutzung durch die Google Inc.:<\/p>\n<ul>\n<li>https:\/\/policies.google.com\/privacy\/partners?hl=de (Daten, die von GooglePartnern erhoben werden)<\/li>\n<li>https:\/\/adssettings.google.de\/authenticated (Einstellungen \u00fcber Werbung, die Ihnen angezeigt wird)<\/li>\n<li>https:\/\/policies.google.com\/technologies\/ads?hl=de (Verwendung von Cookies in Anzeigen)<\/li>\n<\/ul>\n<p>&nbsp;<\/p>\n<p><strong>Nutzung von Social-Media-Plugins von Facebook <\/strong><\/p>\n<p>Aufgrund unseres berechtigten Interesses an der Analyse, Optimierung und dem Betrieb unseres Online-Angebotes (im Sinne des Art. 6 Abs. 1 lit. f. DSGVO), verwendet diese Website das Facebook-Social-Plugin, welches von der Facebook Inc. (1 Hacker Way, Menlo Park, California 94025, USA) betrieben wird. Erkennbar sind die Einbindungen an dem Facebook-Logo bzw. an den Begriffen \u201eLike\u201c, \u201eGef\u00e4llt mir\u201c, \u201eTeilen\u201c in den Farben Facebooks (Blau und Wei\u00df). Informationen zu allen Facebook-Plugins finden Sie \u00fcber den folgenden Link: <a href=\"https:\/\/developers.facebook.com\/docs\/plugins\/\">https:\/\/developers.facebook.com\/docs\/plugins\/<\/a><\/p>\n<p>Facebook Inc. h\u00e4lt das europ\u00e4ische Datenschutzrecht ein und ist unter dem Privacy-ShieldAbkommen zertifiziert:<\/p>\n<p><a href=\"https:\/\/www.privacyshield.gov\/participant?id=a2zt0000000GnywAAC&amp;status=Active\">https:\/\/www.privacyshield.gov\/participant?id=a2zt0000000GnywAAC&amp;status=Active<\/a><\/p>\n<p>Das Plugin stellt eine direkte Verbindung zwischen Ihrem Browser und den FacebookServern her. Der Websitebetreiber hat keinerlei Einfluss auf die Natur und den Umfang der Daten, welche das Plugin an die Server der Facebook Inc. \u00fcbermittelt. Informationen dazu finden Sie hier: <a href=\"https:\/\/www.facebook.com\/help\/186325668085084\">https:\/\/www.facebook.com\/help\/186325668085084<\/a><\/p>\n<p>Das Plugin informiert die Facebook Inc. dar\u00fcber, dass Sie als Nutzer diese Website besucht haben. Es besteht hierbei die M\u00f6glichkeit, dass Ihre IP-Adresse gespeichert wird. Sind Sie w\u00e4hrend des Besuchs auf dieser Website in Ihrem Facebook-Konto eingeloggt, werden die genannten Informationen mit diesem verkn\u00fcpft.<\/p>\n<p>Nutzen Sie die Funktionen des Plugins \u2013 etwa indem Sie einen Beitrag teilen oder \u201eliken\u201c \u2013, werden die entsprechenden Informationen ebenfalls an die Facebook Inc. \u00fcbermittelt. M\u00f6chten Sie verhindern, dass die Facebook. Inc. diese Daten mit Ihrem Facebook-Konto verkn\u00fcpft, loggen Sie sich bitte vor dem Besuch dieser Website bei Facebook aus und l\u00f6schen Sie die gespeicherten Cookies. \u00dcber Ihr Facebook-Profil k\u00f6nnen Sie weitere Einstellungen zur Datenverarbeitung f\u00fcr Werbezwecke t\u00e4tigen oder der Nutzung Ihrer Daten f\u00fcr Werbezwecke widersprechen. Zu den Einstellungen gelangen Sie hier:<\/p>\n<ul>\n<li>Profileinstellungen bei Facebook: <a href=\"https:\/\/www.facebook.com\/ads\/preferences\/?entry_product=ad_settings_screen\">https:\/\/www.facebook.com\/ads\/preferences\/?entry_product=ad_settings_screen<\/a><\/li>\n<li>Cookie-Deaktivierungsseite der US-amerikanischen Website: <a href=\"http:\/\/optout.aboutads.info\/?c=2#!\/\">http:\/\/optout.aboutads.info\/?c=2#!\/<\/a><\/li>\n<li>Cookie-Deaktivierungsseite der europ\u00e4ischen Website: <a href=\"http:\/\/optout.networkadvertising.org\/?c=1#!\/\">http:\/\/optout.networkadvertising.org\/?c=1#!\/<\/a><\/li>\n<\/ul>\n<p>Welche Daten, zu welchem Zweck und in welchem Umfang Facebook Daten erhebt, nutzt und verarbeitet und welche Rechte sowie Einstellungsm\u00f6glichkeiten Sie zum Schutz Ihrer Privatsph\u00e4re haben, k\u00f6nnen Sie in den Datenschutzrichtlinien von Facebook nachlesen. Diese finden Sie hier: <a href=\"https:\/\/www.facebook.com\/about\/privacy\/\">https:\/\/www.facebook.com\/about\/privacy\/<\/a><\/p>\n<p>&nbsp;<\/p>\n<p><strong>Google Web Fonts <\/strong><\/p>\n<p>Diese Website nutzt zur einheitlichen Darstellung von Schriftarten so genannte Web Fonts, die von Google bereitgestellt werden. Beim Aufruf einer Seite l\u00e4dt Ihr Browser die ben\u00f6tigten Web Fonts in ihren Browsercache, um Texte und Schriftarten korrekt anzuzeigen.<\/p>\n<p>Zu diesem Zweck muss der von Ihnen verwendete Browser Verbindung zu den Servern von Google aufnehmen. Hierdurch erlangt Google Kenntnis dar\u00fcber, dass \u00fcber Ihre IP-Adresse unsere Website aufgerufen wurde. Die Nutzung von Google Web Fonts erfolgt im Interesse einer einheitlichen und ansprechenden Darstellung unserer Online-Angebote. Dies stellt ein berechtigtes Interesse im Sinne von Art. 6 Abs. 1 lit.f DSVGO dar.<\/p>\n<p>Wenn Ihr Browser Web Fonts nicht unterst\u00fctzt, wird eine Standardschrift von Ihrem Computer genutzt.<\/p>\n<p>Weitere Informationen zu Google Web Fonts finden Sie unter<\/p>\n<p><a href=\"https:\/\/developers.google.com\/fonts\/fao\">https:\/\/developers.google.com\/fonts\/fao<\/a><\/p>\n<p>und in der Datenschutzerkl\u00e4rung von Google:<\/p>\n<p><a href=\"https:\/\/www.google.com\/policies\/privacy\/\">https:\/\/www.google.com\/policies\/privacy\/<\/a><\/p>\n<p>&nbsp;<\/p>\n<p><strong>Google Maps <\/strong><\/p>\n<p>Diese Website nutzt \u00fcber eine API den Kartendienst Google Maps. Anbieter ist die Google Inc., 1600 Amphitheatre Parkway, Mountain View, CA 94043, USA.<\/p>\n<p>Zur Nutzung der Funktionen von Google Maps ist es notwendig, Ihre IP-Adresse zu speichern. Diese Informationen werden in der Regel an einen Server von Google in den USA \u00fcbertragen und dort gespeichert. Der Anbieter dieser Seite hat keinen Einfluss auf diese Daten\u00fcbertragung.<\/p>\n<p>Die Nutzung von Google Maps erfolgt im Interesse einer ansprechenden Darstellung unserer Online-Angebote und an einer leichten Auffindbarkeit der von uns auf der Website angegebenen Orte. Dies stellt ein berechtigtes Interesse im Sinne von Artikel 6 Abs. 1 lit. F DSGVO dar.<\/p>\n<p>Mehr Informationen zum Umgang mit Nutzerdaten finden Sie in der Datenschutzerkl\u00e4rung von Google: <a href=\"https:\/\/www.google.com\/policies\/privacy\/\">https:\/\/www.google.com\/policies\/privacy\/<\/a><\/p>\n<p>&nbsp;<\/p>\n<p><strong>Rechte des Nutzers <\/strong><\/p>\n<p>Sie haben als Nutzer das Recht, auf Antrag eine kostenlose Auskunft dar\u00fcber zu erhalten, welche personenbezogenen Daten \u00fcber Sie gespeichert wurden. Sie haben au\u00dferdem das Recht auf Berichtigung falscher Daten und auf die Verarbeitungseinschr\u00e4nkung oder L\u00f6schung Ihrer personenbezogenen Daten. Falls zutreffend, k\u00f6nnen Sie auch Ihr Recht auf Datenportabilit\u00e4t geltend machen. Sollten Sie annehmen, dass Ihre Daten unrechtm\u00e4\u00dfig verarbeitet wurden, k\u00f6nnen Sie eine Beschwerde bei der zust\u00e4ndigen Aufsichtsbeh\u00f6rde einreichen.<\/p>\n<p>Landesbeauftragter f\u00fcr den Datenschutz<br \/>\nBaden-W\u00fcrttemberg<br \/>\nPostfach 10 29 32<br \/>\n70025 Stuttgart<br \/>\nTelefon \u00a0\u00a0\u00a0\u00a0\u00a0 0711-6155410<br \/>\nTelefax \u00a0\u00a0\u00a0\u00a0\u00a0 0711-615541-15<br \/>\nE-Mail \u00a0\u00a0\u00a0\u00a0\u00a0\u00a0\u00a0 <a href=\"mailto:poststelle@lfd.bwl.de\">poststelle@lfd.bwl.de<\/a><\/p>\n<p>&nbsp;<\/p>\n<p><strong>L\u00f6schung von Daten <\/strong><\/p>\n<p>Sofern Ihr Wunsch nicht mit einer gesetzlichen Pflicht zur Aufbewahrung von Daten (z. B. Vorratsdatenspeicherung) kollidiert, haben Sie ein Anrecht auf L\u00f6schung Ihrer Daten. Von uns gespeicherte Daten werden, sollten sie f\u00fcr ihre Zweckbestimmung nicht mehr vonn\u00f6ten sein und es keine gesetzlichen Aufbewahrungsfristen geben, gel\u00f6scht. Falls eine L\u00f6schung nicht durchgef\u00fchrt werden kann, da die Daten f\u00fcr zul\u00e4ssige gesetzliche Zwecke erforderlich sind, erfolgt eine Einschr\u00e4nkung der Datenverarbeitung. In diesem Fall werden die Daten gesperrt und nicht f\u00fcr andere Zwecke verarbeitet.<\/p>\n<p>&nbsp;<\/p>\n<p><strong>Widerspruchsrecht <\/strong><\/p>\n<p>Nutzer dieser Webseite k\u00f6nnen von ihrem Widerspruchsrecht Gebrauch machen und der Verarbeitung ihrer personenbezogenen Daten zu jeder Zeit widersprechen. Muster von datenschutz.org Wenn Sie eine Berichtigung, Sperrung, L\u00f6schung oder Auskunft \u00fcber die zu Ihrer Person gespeicherten personenbezogenen Daten w\u00fcnschen oder Fragen bzgl. der Erhebung, Verarbeitung oder Verwendung Ihrer personenbezogenen Daten haben oder erteilte Einwilligungen widerrufen m\u00f6chten, wenden Sie sich bitte an folgende E-Mail-Adresse: <a href=\"mailto:info@sz-goeggingen.de\">info@sz-goeggingen.de<\/a>[\/vc_column_text][\/vc_column][\/vc_row]<\/p>\n","protected":false},"excerpt":{"rendered":"<p>[vc_row][vc_column][vc_column_text]Grundlegendes Diese Datenschutzerkl\u00e4rung soll die Nutzer dieser Website \u00fcber die Art, den Umfang und den Zweck der Erhebung und Verwendung personenbezogener Daten informieren. Der Verantwortliche im Sinne der Datenschutz-Grundverordnung und anderer nationaler Datenschutzgesetze der Mitglieds-staaten sowie sonstiger datenschutzrechtlicher Bestimmungen ist die: SeWo Seniorenbetreuungsgesellschaft mbH Pfarrer-Lohr-Stra\u00dfe 7\/2 88353 Ki\u00dflegg Deutschland Telefon 07535-91349-0 E-Mail: info@sz-goeggingen.de &nbsp; Der [&hellip;]<\/p>\n","protected":false},"author":2,"featured_media":0,"parent":0,"menu_order":0,"comment_status":"closed","ping_status":"closed","template":"","meta":[],"_links":{"self":[{"href":"https:\/\/www.sz-goeggingen.de\/index.php?rest_route=\/wp\/v2\/pages\/557"}],"collection":[{"href":"https:\/\/www.sz-goeggingen.de\/index.php?rest_route=\/wp\/v2\/pages"}],"about":[{"href":"https:\/\/www.sz-goeggingen.de\/index.php?rest_route=\/wp\/v2\/types\/page"}],"author":[{"embeddable":true,"href":"https:\/\/www.sz-goeggingen.de\/index.php?rest_route=\/wp\/v2\/users\/2"}],"replies":[{"embeddable":true,"href":"https:\/\/www.sz-goeggingen.de\/index.php?rest_route=%2Fwp%2Fv2%2Fcomments&post=557"}],"version-history":[{"count":8,"href":"https:\/\/www.sz-goeggingen.de\/index.php?rest_route=\/wp\/v2\/pages\/557\/revisions"}],"predecessor-version":[{"id":2535,"href":"https:\/\/www.sz-goeggingen.de\/index.php?rest_route=\/wp\/v2\/pages\/557\/revisions\/2535"}],"wp:attachment":[{"href":"https:\/\/www.sz-goeggingen.de\/index.php?rest_route=%2Fwp%2Fv2%2Fmedia&parent=557"}],"curies":[{"name":"wp","href":"https:\/\/api.w.org\/{rel}","templated":true}]}}