{"id":745,"date":"2016-10-12T08:24:50","date_gmt":"2016-10-12T08:24:50","guid":{"rendered":"https:\/\/www.sz-goeggingen.de\/?page_id=745"},"modified":"2025-12-09T07:19:29","modified_gmt":"2025-12-09T07:19:29","slug":"offene-stellen","status":"publish","type":"page","link":"https:\/\/www.sz-goeggingen.de\/?page_id=745","title":{"rendered":"Offene Stellen"},"content":{"rendered":"<p>[vc_row][vc_column][vc_single_image image=&#8220;1547&#8243; img_size=&#8220;1140&#215;550&#8243;][\/vc_column][\/vc_row][vc_row][vc_column][vc_empty_space][\/vc_column][\/vc_row][vc_row][vc_column][vc_column_text]Sie sind von unserem Unternehmen \u00fcberzeugt und m\u00f6chten gerne in der Pflegebranche t\u00e4tig sein? Dann schauen Sie sich unsere \u201eoffenen Stellen\u201c an und bewerben sich bei Interesse \u00fcber das am Ende der Seite stehende Formular. Sollte aktuell keine passende Stelle f\u00fcr Sie dabei sein, k\u00f6nnen Sie uns dennoch gerne eine Initiativbewerbung zukommen lassen.[\/vc_column_text][\/vc_column][\/vc_row][vc_row][vc_column][vc_empty_space height=&#8220;40px&#8220;][\/vc_column][\/vc_row][vc_row][vc_column][vc_tta_accordion color=&#8220;sky&#8220; active_section=&#8220;0&#8243; collapsible_all=&#8220;true&#8220;][vc_tta_section title=&#8220;<b> Pflegefachkraft (m\/w\/d) <\/b>&#8220; tab_id=&#8220;1678988334139-f75c5d1a-920f&#8220;][vc_single_image image=&#8220;3005&#8243; img_size=&#8220;large&#8220; onclick=&#8220;link_image&#8220;][\/vc_tta_section][vc_tta_section title=&#8220;<b> Pflegefachhelfer (m\/w\/d) <\/b>&#8220; tab_id=&#8220;1760950510571-4e8388fc-f7d2&#8243;][vc_single_image image=&#8220;3021&#8243; img_size=&#8220;large&#8220;][\/vc_tta_section][\/vc_tta_accordion][\/vc_column][\/vc_row][vc_row][vc_column][vc_empty_space][\/vc_column][\/vc_row][vc_row][vc_column][vc_column_text]<\/p>\n<div class=\"wpcf7 no-js\" id=\"wpcf7-f1111-o1\" lang=\"de-DE\" dir=\"ltr\">\n<div class=\"screen-reader-response\"><p role=\"status\" aria-live=\"polite\" aria-atomic=\"true\"><\/p> <ul><\/ul><\/div>\n<form action=\"\/index.php?rest_route=%2Fwp%2Fv2%2Fpages%2F745#wpcf7-f1111-o1\" method=\"post\" class=\"wpcf7-form init\" aria-label=\"Kontaktformular\" enctype=\"multipart\/form-data\" novalidate=\"novalidate\" data-status=\"init\">\n<div style=\"display: none;\">\n<input type=\"hidden\" name=\"_wpcf7\" value=\"1111\" \/>\n<input type=\"hidden\" name=\"_wpcf7_version\" value=\"5.8\" \/>\n<input type=\"hidden\" name=\"_wpcf7_locale\" value=\"de_DE\" \/>\n<input type=\"hidden\" name=\"_wpcf7_unit_tag\" value=\"wpcf7-f1111-o1\" \/>\n<input type=\"hidden\" name=\"_wpcf7_container_post\" value=\"0\" \/>\n<input type=\"hidden\" name=\"_wpcf7_posted_data_hash\" value=\"\" \/>\n<\/div>\n<p>Ihr Name (Pflichtfeld)\n<\/p>\n<p><span class=\"wpcf7-form-control-wrap\" data-name=\"your-name\"><input size=\"40\" class=\"wpcf7-form-control wpcf7-text wpcf7-validates-as-required\" aria-required=\"true\" aria-invalid=\"false\" value=\"\" type=\"text\" name=\"your-name\" \/><\/span>\n<\/p>\n<p>telefonisch erreichbar unter\n<\/p>\n<p><span class=\"wpcf7-form-control-wrap\" data-name=\"tel-939\"><input size=\"40\" class=\"wpcf7-form-control wpcf7-tel wpcf7-text wpcf7-validates-as-tel\" aria-invalid=\"false\" value=\"\" type=\"tel\" name=\"tel-939\" \/><\/span>\n<\/p>\n<p>Ihre E-Mail-Adresse (Pflichtfeld)\n<\/p>\n<p><span class=\"wpcf7-form-control-wrap\" data-name=\"your-email\"><input size=\"40\" class=\"wpcf7-form-control wpcf7-email wpcf7-validates-as-required wpcf7-text wpcf7-validates-as-email\" aria-required=\"true\" aria-invalid=\"false\" value=\"\" type=\"email\" name=\"your-email\" \/><\/span>\n<\/p>\n<p>Betreff (Pflichtfeld)\n<\/p>\n<p><span class=\"wpcf7-form-control-wrap\" data-name=\"text-218\"><input size=\"40\" class=\"wpcf7-form-control wpcf7-text wpcf7-validates-as-required\" aria-required=\"true\" aria-invalid=\"false\" value=\"\" type=\"text\" name=\"text-218\" \/><\/span>\n<\/p>\n<p>Ihre Nachricht (Pflichtfeld)\n<\/p>\n<p><span class=\"wpcf7-form-control-wrap\" data-name=\"textarea-977\"><textarea cols=\"40\" rows=\"10\" class=\"wpcf7-form-control wpcf7-textarea wpcf7-validates-as-required\" aria-required=\"true\" aria-invalid=\"false\" name=\"textarea-977\"><\/textarea><\/span>\n<\/p>\n<p><span class=\"wpcf7-form-control-wrap\" data-name=\"Anhang\"><input size=\"40\" class=\"wpcf7-form-control wpcf7-file\" accept=\".jpg,.jpeg,.pdf\" aria-invalid=\"false\" type=\"file\" name=\"Anhang\" \/><\/span>\n<\/p>\n<p><label class=\"checkbox-table\"><span class=\"wpcf7-form-control-wrap\" data-name=\"datenschutz\"><span class=\"wpcf7-form-control wpcf7-checkbox wpcf7-validates-as-required\"><span class=\"wpcf7-list-item first last\"><input type=\"checkbox\" name=\"datenschutz[]\" value=\"\" \/><span class=\"wpcf7-list-item-label\"><\/span><\/span><\/span><\/span><span>Ich habe die <a href=\"https:\/\/www.sz-goeggingen.de\/datenschutzerklaerung\/\" target=\"_blank\">Datenschutzerkl\u00e4rung<\/a> zur Kenntnis genommen. Ich stimme zu, dass meine Angaben zur Kontaktaufnahme und f\u00fcr R\u00fcckfragen dauerhaft gespeichert werden. Sie k\u00f6nnen Ihre Einwilligung jederzeit f\u00fcr die Zukunft per Mail an <a href=\"mailto:info@sz-goeggingen.de\">info@sz-goeggingen.de<\/a> widerrufen.<\/span><\/label>\n<\/p>\n<p><input class=\"wpcf7-form-control wpcf7-submit has-spinner\" type=\"submit\" value=\"Senden\" \/>\n<\/p><div class=\"wpcf7-response-output\" aria-hidden=\"true\"><\/div>\n<\/form>\n<\/div>\n[\/vc_column_text][\/vc_column][\/vc_row]<\/p>\n","protected":false},"excerpt":{"rendered":"<p>[vc_row][vc_column][vc_single_image image=&#8220;1547&#8243; img_size=&#8220;1140&#215;550&#8243;][\/vc_column][\/vc_row][vc_row][vc_column][vc_empty_space][\/vc_column][\/vc_row][vc_row][vc_column][vc_column_text]Sie sind von unserem Unternehmen \u00fcberzeugt und m\u00f6chten gerne in der Pflegebranche t\u00e4tig sein? Dann schauen Sie sich unsere \u201eoffenen Stellen\u201c an und bewerben sich bei Interesse \u00fcber das am Ende der Seite stehende Formular. Sollte aktuell keine passende Stelle f\u00fcr Sie dabei sein, k\u00f6nnen Sie uns dennoch gerne eine Initiativbewerbung zukommen lassen.[\/vc_column_text][\/vc_column][\/vc_row][vc_row][vc_column][vc_empty_space [&hellip;]<\/p>\n","protected":false},"author":3,"featured_media":1545,"parent":500,"menu_order":1,"comment_status":"closed","ping_status":"closed","template":"page-tpl_left_sidebar.php","meta":[],"_links":{"self":[{"href":"https:\/\/www.sz-goeggingen.de\/index.php?rest_route=\/wp\/v2\/pages\/745"}],"collection":[{"href":"https:\/\/www.sz-goeggingen.de\/index.php?rest_route=\/wp\/v2\/pages"}],"about":[{"href":"https:\/\/www.sz-goeggingen.de\/index.php?rest_route=\/wp\/v2\/types\/page"}],"author":[{"embeddable":true,"href":"https:\/\/www.sz-goeggingen.de\/index.php?rest_route=\/wp\/v2\/users\/3"}],"replies":[{"embeddable":true,"href":"https:\/\/www.sz-goeggingen.de\/index.php?rest_route=%2Fwp%2Fv2%2Fcomments&post=745"}],"version-history":[{"count":88,"href":"https:\/\/www.sz-goeggingen.de\/index.php?rest_route=\/wp\/v2\/pages\/745\/revisions"}],"predecessor-version":[{"id":3065,"href":"https:\/\/www.sz-goeggingen.de\/index.php?rest_route=\/wp\/v2\/pages\/745\/revisions\/3065"}],"up":[{"embeddable":true,"href":"https:\/\/www.sz-goeggingen.de\/index.php?rest_route=\/wp\/v2\/pages\/500"}],"wp:featuredmedia":[{"embeddable":true,"href":"https:\/\/www.sz-goeggingen.de\/index.php?rest_route=\/wp\/v2\/media\/1545"}],"wp:attachment":[{"href":"https:\/\/www.sz-goeggingen.de\/index.php?rest_route=%2Fwp%2Fv2%2Fmedia&parent=745"}],"curies":[{"name":"wp","href":"https:\/\/api.w.org\/{rel}","templated":true}]}}