{"id":931,"date":"2017-10-16T14:07:42","date_gmt":"2017-10-16T14:07:42","guid":{"rendered":"https:\/\/www.sz-goeggingen.de\/?page_id=931"},"modified":"2024-05-29T12:38:03","modified_gmt":"2024-05-29T12:38:03","slug":"weitere-einrichtungen","status":"publish","type":"page","link":"https:\/\/www.sz-goeggingen.de\/?page_id=931","title":{"rendered":"Weitere Einrichtungen"},"content":{"rendered":"<p>[vc_row][vc_column][vc_column_text]Neben dem \u201eSeniorenzentrum G\u00f6ggingen\u201c verf\u00fcgt unser Unternehmensverbund momentan \u00fcber sieben weitere Pflegeheime in den Bundesl\u00e4ndern Bayern und Rheinland-Pfalz. Alle unsere H\u00e4user unterscheiden sich in ihrer Gr\u00f6\u00dfe und ihrem Angebot, sind aber \u00e4hnlich strukturiert und organisiert.<\/p>\n<p>Unter den verschiedenen Reitern finden Sie weitere Informationen \u00fcber das jeweilige Pflegeheim.[\/vc_column_text][vc_empty_space][\/vc_column][\/vc_row][vc_row][vc_column][vc_tta_accordion color=&#8220;sky&#8220; active_section=&#8220;0&#8243; collapsible_all=&#8220;true&#8220;][vc_tta_section title=&#8220;Haus der Betreuung und Pflege Schnelldorf&#8220; tab_id=&#8220;1508224080339-a764a611-47e7&#8243;][vc_column_text]Unser\u00a0 \u00a0 \u00a0 \u00a0 \u00a0 \u00a0 \u00a0 \u00a0 \u00a0 \u00a0 \u00a0 \u00a0 \u00a0 \u00a0 \u00a0 \u00a0 \u00a0 \u00a0 \u00a0 \u00a0 \u00a0 \u00a0 \u00a0 \u00a0 \u00a0 \u00a0 \u00a0 \u00a0 \u00a0 \u00a0 \u00a0 \u00a0 \u00a0 \u00a0 \u00a0 <img decoding=\"async\" loading=\"lazy\" class=\"wp-image-1883 alignright\" src=\"https:\/\/www.sz-goeggingen.de\/wp-content\/uploads\/2020\/04\/Schnelldorf-Logo-klein-300x91.jpg\" alt=\"\" width=\"241\" height=\"73\" srcset=\"https:\/\/www.sz-goeggingen.de\/wp-content\/uploads\/2020\/04\/Schnelldorf-Logo-klein-300x91.jpg 300w, https:\/\/www.sz-goeggingen.de\/wp-content\/uploads\/2020\/04\/Schnelldorf-Logo-klein-409x124.jpg 409w, https:\/\/www.sz-goeggingen.de\/wp-content\/uploads\/2020\/04\/Schnelldorf-Logo-klein-471x143.jpg 471w, https:\/\/www.sz-goeggingen.de\/wp-content\/uploads\/2020\/04\/Schnelldorf-Logo-klein.jpg 488w\" sizes=\"(max-width: 241px) 100vw, 241px\" \/><\/p>\n<p>\u201eHaus der Betreuung und Pflege Schnelldorf\u201c<br \/>\nbefindet sich in der Gemeinde Schnelldorf im Landkreis Ansbach<strong>.<\/strong><\/p>\n<p>Zentral in der Gemeinde und nahe einem Einkaufspunkt gelegen, bieten wir hilfe- und pflegebed\u00fcrftigen Senioren ein neues zu Hause.<\/p>\n<p>Das direkte Umfeld unseres Hauses erm\u00f6glicht neben dem Einkauf auch Spazierg\u00e4nge und Erholung im Freien.<\/p>\n<p><strong>Weitere Informationen \u00fcber diese Einrichtung finden Sie unter: <a href=\"http:\/\/www.hdb-schnelldorf.de\" target=\"_blank\" rel=\"noopener noreferrer\">\u201eHaus der Betreuung und Pflege Schnelldorf\u201c<\/a><br \/>\n<\/strong>[\/vc_column_text][\/vc_tta_section][vc_tta_section title=&#8220;Haus der Betreuung und Pflege Aurach&#8220; tab_id=&#8220;1508224080418-0a75b184-7327&#8243;][vc_column_text]Unsere neu erstelltes \u201eHaus der Betreuung und Pflege Aurach\u201c<\/p>\n<p>wurde zum 01.05.2016 er\u00f6ffnet.\u00a0 \u00a0 \u00a0<img decoding=\"async\" loading=\"lazy\" class=\"wp-image-1879 alignright\" src=\"https:\/\/www.sz-goeggingen.de\/wp-content\/uploads\/2020\/04\/Aurach-klein-300x87.jpg\" alt=\"\" width=\"175\" height=\"51\" srcset=\"https:\/\/www.sz-goeggingen.de\/wp-content\/uploads\/2020\/04\/Aurach-klein-300x87.jpg 300w, https:\/\/www.sz-goeggingen.de\/wp-content\/uploads\/2020\/04\/Aurach-klein-409x119.jpg 409w, https:\/\/www.sz-goeggingen.de\/wp-content\/uploads\/2020\/04\/Aurach-klein-471x137.jpg 471w, https:\/\/www.sz-goeggingen.de\/wp-content\/uploads\/2020\/04\/Aurach-klein.jpg 488w\" sizes=\"(max-width: 175px) 100vw, 175px\" \/><\/p>\n<p>Ein Ort, an dem man gerne ist, angenommen und verstanden wird<strong>.<\/strong><\/p>\n<p><strong>Weitere Informationen \u00fcber diese Einrichtung finden Sie unter: <a href=\"http:\/\/www.hdb-aurach.de\" target=\"_blank\" rel=\"noopener noreferrer\">\u201eHaus der Betreuung und Pflege Aurach\u201c<\/a><br \/>\n<\/strong>[\/vc_column_text][\/vc_tta_section][vc_tta_section title=&#8220;Haus der Betreuung und Pflege N\u00fcrnberg Nord&#8220; tab_id=&#8220;1508224345335-a258bdb7-4330&#8243;][vc_column_text]<span class=\"n3\"><img decoding=\"async\" loading=\"lazy\" class=\" wp-image-1882 alignright\" src=\"https:\/\/www.sz-goeggingen.de\/wp-content\/uploads\/2020\/04\/N\u00fcrnberg-300x96.jpg\" alt=\"\" width=\"259\" height=\"83\" srcset=\"https:\/\/www.sz-goeggingen.de\/wp-content\/uploads\/2020\/04\/N\u00fcrnberg-300x96.jpg 300w, https:\/\/www.sz-goeggingen.de\/wp-content\/uploads\/2020\/04\/N\u00fcrnberg-409x131.jpg 409w, https:\/\/www.sz-goeggingen.de\/wp-content\/uploads\/2020\/04\/N\u00fcrnberg-471x151.jpg 471w, https:\/\/www.sz-goeggingen.de\/wp-content\/uploads\/2020\/04\/N\u00fcrnberg.jpg 515w\" sizes=\"(max-width: 259px) 100vw, 259px\" \/>Unser \u201eHaus der Betreuung und Pflege N\u00fcrnberg\u201c <\/span><span class=\"n3\">bietet im Rahmen der Pflege und Betreuung \u201eRund-um-die-Uhr\u201c Dienstleistungen f\u00fcr hilfebed\u00fcrftige, \u00e4ltere Menschen an.<\/span><\/p>\n<p><span class=\"n3\">Wir sind ein modernes, behinderten- und rollstuhlgerechtes Haus mit dem Ziel einer ganzheitlichen Pflege und Betreuung auf hohem Niveau. Wir liegen in einer zentralen Wohngegend zwischen dem N\u00fcrnberger Stadtpark und dem Volkspark Marienberg.<\/span><\/p>\n<p><span class=\"n3\">Es stehen 56 Pflegepl\u00e4tze in der allgemeinen Pflege, 29 Pflegepl\u00e4tze in der Schwerst- und Intensivfachpflege (Beatmungs- und Wachkomapatienten) und 25\u00a0 Pflegepl\u00e4tze in der Demenzfachpflege zu Verf\u00fcgung.<\/span><\/p>\n<p><strong>Weitere Informationen \u00fcber diese Einrichtung finden Sie unter: <a href=\"http:\/\/www.hdb-nuernberg.de\" target=\"_blank\" rel=\"noopener noreferrer\">\u201eHaus der Betreuung und Pflege N\u00fcrnberg\u201c<\/a><\/strong>[\/vc_column_text][\/vc_tta_section][vc_tta_section title=&#8220;Haus der Betreuung und Pflege Uffenheim&#8220; tab_id=&#8220;1508224428935-98e1e2f8-43ac&#8220;][vc_column_text]<span class=\"n3\">Unser \u201eHaus der Betreuung und Pflege <\/span><span class=\"n3\">Uffenh<\/span><span class=\"n3\">ei<\/span><span class=\"n3\">m\u201c <\/span><span class=\"n3\">befindet sich in der Stadt Uffenheim. Diese liegt im mittelfr\u00e4nkischen Landkreis Neustadt an der Aisch-Bad Windsheim.<img decoding=\"async\" loading=\"lazy\" class=\"size-medium wp-image-1884 alignright\" src=\"https:\/\/www.sz-goeggingen.de\/wp-content\/uploads\/2020\/04\/Uffenheim-HQ-300x91.jpg\" alt=\"\" width=\"300\" height=\"91\" srcset=\"https:\/\/www.sz-goeggingen.de\/wp-content\/uploads\/2020\/04\/Uffenheim-HQ-300x91.jpg 300w, https:\/\/www.sz-goeggingen.de\/wp-content\/uploads\/2020\/04\/Uffenheim-HQ-768x233.jpg 768w, https:\/\/www.sz-goeggingen.de\/wp-content\/uploads\/2020\/04\/Uffenheim-HQ-1024x311.jpg 1024w, https:\/\/www.sz-goeggingen.de\/wp-content\/uploads\/2020\/04\/Uffenheim-HQ-900x274.jpg 900w, https:\/\/www.sz-goeggingen.de\/wp-content\/uploads\/2020\/04\/Uffenheim-HQ-409x124.jpg 409w, https:\/\/www.sz-goeggingen.de\/wp-content\/uploads\/2020\/04\/Uffenheim-HQ-555x169.jpg 555w, https:\/\/www.sz-goeggingen.de\/wp-content\/uploads\/2020\/04\/Uffenheim-HQ-471x143.jpg 471w, https:\/\/www.sz-goeggingen.de\/wp-content\/uploads\/2020\/04\/Uffenheim-HQ-653x198.jpg 653w, https:\/\/www.sz-goeggingen.de\/wp-content\/uploads\/2020\/04\/Uffenheim-HQ.jpg 1767w\" sizes=\"(max-width: 300px) 100vw, 300px\" \/><\/span><\/p>\n<p><span class=\"n3\">Sch\u00f6n und ruhig zwischen einem Wohngebiet und einem Einkaufszentrum\u00a0 gelegen, bieten wir bis zu 55 hilfe- und pflegebed\u00fcrftigen Senioren ein sch\u00f6nes Zuhause.<br \/>\n<\/span><\/p>\n<p><strong>Weitere Informationen \u00fcber diese Einrichtung finden Sie unter: <a href=\"http:\/\/www.hdb-uffenheim.de\" target=\"_blank\" rel=\"noopener noreferrer\">\u201eHaus der Betreuung und Pflege Uffenheim\u201c<\/a><br \/>\n<\/strong>[\/vc_column_text][\/vc_tta_section][vc_tta_section title=&#8220;Haus der Betreuung und Pflege Schopfloch (Er\u00f6ffnung Oktober 2024)&#8220; tab_id=&#8220;1716985779187-2acadd26-61e6&#8243;][vc_column_text]Unser &#8222;Haus der Betreuung und Pflege Schopfloch&#8220; befindet sich in der Gemeinde Schopfloch.<\/p>\n<p>Unsere Pflegeeinrichtung liegt in mitten der ruhigen Gemeinde Schopfloch.<img decoding=\"async\" loading=\"lazy\" class=\"wp-image-3828 alignright\" src=\"https:\/\/www.hdb-nuernberg.de\/wp-content\/uploads\/2024\/05\/Schopfloch-Logo-300x92.jpg\" alt=\"\" width=\"245\" height=\"75\" \/><\/p>\n<p>Die Pflegeeinrichtung (Er\u00f6ffnung Oktober 2024) bietet insgesamt f\u00fcr 66 Bewohner ein neues Zuhause.<\/p>\n<p><strong>Weitere Informationen \u00fcber diese Einrichtung finden Sie unter: <a href=\"https:\/\/www.hdb-schopfloch.de\/\">Haus der Betreuung Schopfloch<\/a><\/strong>[\/vc_column_text][\/vc_tta_section][vc_tta_section title=&#8220;Haus der Betreuung und Pflege Burgoberbach&#8220; tab_id=&#8220;1587634760265-9d99b152-5138&#8243;][vc_column_text]<\/p>\n<div class=\"vc_tta-panel-body\">\n<div class=\"wpb_text_column wpb_content_element \">\n<div class=\"wpb_wrapper\">\n<p>Das <strong>\u201e<\/strong>Haus der Betreuung und Pflege Burgoberbach\u201c befindet sich in der Gemeinde Burgoberbach im Landkreis Ansbach.<\/p>\n<p>Unser Haus liegt an der Triesdorfer Stra\u00dfe mitten in der ruhigen und kleinen Gemeinde Burgoberbach.<\/p>\n<p><img decoding=\"async\" loading=\"lazy\" class=\"size-medium wp-image-2204 alignright\" src=\"https:\/\/www.hdb-aurach.de\/wp-content\/uploads\/2020\/04\/Burgoberach-300x115.jpg\" sizes=\"(max-width: 300px) 100vw, 300px\" srcset=\"https:\/\/www.hdb-aurach.de\/wp-content\/uploads\/2020\/04\/Burgoberach-300x115.jpg 300w, https:\/\/www.hdb-aurach.de\/wp-content\/uploads\/2020\/04\/Burgoberach-409x157.jpg 409w, https:\/\/www.hdb-aurach.de\/wp-content\/uploads\/2020\/04\/Burgoberach.jpg 419w\" alt=\"\" width=\"300\" height=\"115\" \/><\/p>\n<p>Das Pflegeheim wurde am 01. Juni 2020 er\u00f6ffnet und bietet insgesamt f\u00fcr 40 Bewohner ein neues Zuhause (32 Einbett- und 4 Zweibettzimmer).<\/p>\n<p>Ebenfalls sehr nah am unserem Haus befindet sich der Hesselbach. Wodruch Spazierg\u00e4nge und Erholung im Freien erm\u00f6glicht sind.<\/p>\n<p><strong>Weitere Informationen \u00fcber diese Einrichtung finden Sie unter: <a href=\"https:\/\/www.hdb-burgoberbach.de\/\" target=\"_blank\" rel=\"noopener noreferrer\">\u201cHaus der Betreuung und Pflege Burgoberbach\u201d<\/a><\/strong><\/p>\n<\/div>\n<\/div>\n<\/div>\n<p>[\/vc_column_text][\/vc_tta_section][vc_tta_section title=&#8220;Seniorenzentrum B\u00f6hl-Iggelheim&#8220; tab_id=&#8220;1508224467762-5c68fcf7-ef56&#8243;][vc_column_text]<span class=\"b3\"><span class=\"n3\">Unser \u201eSeniorenzentrum B\u00f6hl-Iggelh<\/span><\/span><span class=\"b3\"><span class=\"n3\">eim\u201c b<\/span><\/span><span class=\"b3\"><span class=\"n3\">efindet sich in der Gemeinde B\u00f6hl-Iggelheim im Rheinpfalz-Kreis von Rheinland-Pfalz.<\/span><\/span><\/p>\n<p style=\"text-align: left;\"><img decoding=\"async\" loading=\"lazy\" class=\"size-medium wp-image-1880 alignright\" src=\"https:\/\/www.sz-goeggingen.de\/wp-content\/uploads\/2020\/04\/B\u00f6hl-Iggelheim-300x101.jpg\" alt=\"\" width=\"300\" height=\"101\" srcset=\"https:\/\/www.sz-goeggingen.de\/wp-content\/uploads\/2020\/04\/B\u00f6hl-Iggelheim-300x101.jpg 300w, https:\/\/www.sz-goeggingen.de\/wp-content\/uploads\/2020\/04\/B\u00f6hl-Iggelheim-768x259.jpg 768w, https:\/\/www.sz-goeggingen.de\/wp-content\/uploads\/2020\/04\/B\u00f6hl-Iggelheim-409x138.jpg 409w, https:\/\/www.sz-goeggingen.de\/wp-content\/uploads\/2020\/04\/B\u00f6hl-Iggelheim-555x187.jpg 555w, https:\/\/www.sz-goeggingen.de\/wp-content\/uploads\/2020\/04\/B\u00f6hl-Iggelheim-471x159.jpg 471w, https:\/\/www.sz-goeggingen.de\/wp-content\/uploads\/2020\/04\/B\u00f6hl-Iggelheim-653x220.jpg 653w, https:\/\/www.sz-goeggingen.de\/wp-content\/uploads\/2020\/04\/B\u00f6hl-Iggelheim.jpg 770w\" sizes=\"(max-width: 300px) 100vw, 300px\" \/>Sch\u00f6n und ruhig in einem Wohngebiet von B\u00f6hl-Iggelheim gelegen, bieten wir hilfe- und pflegebed\u00fcrftigen Senioren ein sch\u00f6nes, neues zu Hause.<\/p>\n<p><strong>Weitere Informationen \u00fcber diese Einrichtung finden Sie unter: <a href=\"http:\/\/www.szbi.de\" target=\"_blank\" rel=\"noopener noreferrer\">\u201eSeniorenzentrum B\u00f6hl-Iggelheim\u201c<\/a><br \/>\n<\/strong>[\/vc_column_text][\/vc_tta_section][vc_tta_section title=&#8220;Seniorenzentrum Ki\u00dflegg&#8220; tab_id=&#8220;1716986186434-c4a9c81e-8fd4&#8243;][vc_column_text]Das &#8222;Seniorenzentrum Ki\u00dflegg&#8220; befindet sich in<img decoding=\"async\" loading=\"lazy\" class=\"size-medium wp-image-3770 alignright\" src=\"https:\/\/www.hdb-nuernberg.de\/wp-content\/uploads\/2024\/05\/Ki\u00dflegg-300x101.png\" alt=\"\" width=\"300\" height=\"101\" \/> der Gemeinde Ki\u00dflegg im Allg\u00e4u.<\/p>\n<p>Unsere Pflegeeinrichtung liegt am Rande der ruhigen Gemeinde Ki\u00dflegg.<\/p>\n<p>Die Pflegeeinrichtung (Er\u00f6ffnung Sommer 2023) bietet insgesamt f\u00fcr 60 Bewohner ein neues Zuhause.<\/p>\n<p><strong>Weitere Informationen \u00fcber diese Einrichtung finden Sie unter:<a href=\"https:\/\/www.sz-kisslegg.de\/\"> Seniorenzentrum Ki\u00dflegg <\/a><\/strong><\/p>\n<p>[\/vc_column_text][\/vc_tta_section][vc_tta_section title=&#8220;Seniorenzentrum an der Jagst Crailsheim&#8220; tab_id=&#8220;1716986235229-54e7da22-d345&#8243;][vc_column_text]Das &#8222;Seniorenzentrum an der Jagst&#8220; befindet sich in<img decoding=\"async\" loading=\"lazy\" class=\"size-medium wp-image-3776 alignright\" src=\"https:\/\/www.hdb-nuernberg.de\/wp-content\/uploads\/2024\/05\/SZJ2-300x101.png\" alt=\"\" width=\"300\" height=\"101\" \/>\u00a0der Gemeinde Crailsheim.<\/p>\n<p>Zentral in der Gemeinde und nahe einem Einkaufspunkt gelegen, bieten wir 45 hilfs- und pflegebed\u00fcrftigen Senioren ein neues zu Hause.<\/p>\n<p><strong>Weitere Informationen \u00fcber diese Einrichtung finden Sie unter:<a href=\"https:\/\/www.sz-jagst.de\/\"> Seniorenzentrum an der Jagst Crailsheim<\/a><\/strong>[\/vc_column_text][\/vc_tta_section][\/vc_tta_accordion][\/vc_column][\/vc_row]<\/p>\n","protected":false},"excerpt":{"rendered":"<p>[vc_row][vc_column][vc_column_text]Neben dem \u201eSeniorenzentrum G\u00f6ggingen\u201c verf\u00fcgt unser Unternehmensverbund momentan \u00fcber sieben weitere Pflegeheime in den Bundesl\u00e4ndern Bayern und Rheinland-Pfalz. Alle unsere H\u00e4user unterscheiden sich in ihrer Gr\u00f6\u00dfe und ihrem Angebot, sind aber \u00e4hnlich strukturiert und organisiert. Unter den verschiedenen Reitern finden Sie weitere Informationen \u00fcber das jeweilige Pflegeheim.[\/vc_column_text][vc_empty_space][\/vc_column][\/vc_row][vc_row][vc_column][vc_tta_accordion color=&#8220;sky&#8220; active_section=&#8220;0&#8243; collapsible_all=&#8220;true&#8220;][vc_tta_section title=&#8220;Haus der Betreuung und Pflege [&hellip;]<\/p>\n","protected":false},"author":9,"featured_media":2659,"parent":500,"menu_order":6,"comment_status":"closed","ping_status":"closed","template":"page-tpl_left_sidebar.php","meta":[],"_links":{"self":[{"href":"https:\/\/www.sz-goeggingen.de\/index.php?rest_route=\/wp\/v2\/pages\/931"}],"collection":[{"href":"https:\/\/www.sz-goeggingen.de\/index.php?rest_route=\/wp\/v2\/pages"}],"about":[{"href":"https:\/\/www.sz-goeggingen.de\/index.php?rest_route=\/wp\/v2\/types\/page"}],"author":[{"embeddable":true,"href":"https:\/\/www.sz-goeggingen.de\/index.php?rest_route=\/wp\/v2\/users\/9"}],"replies":[{"embeddable":true,"href":"https:\/\/www.sz-goeggingen.de\/index.php?rest_route=%2Fwp%2Fv2%2Fcomments&post=931"}],"version-history":[{"count":18,"href":"https:\/\/www.sz-goeggingen.de\/index.php?rest_route=\/wp\/v2\/pages\/931\/revisions"}],"predecessor-version":[{"id":2661,"href":"https:\/\/www.sz-goeggingen.de\/index.php?rest_route=\/wp\/v2\/pages\/931\/revisions\/2661"}],"up":[{"embeddable":true,"href":"https:\/\/www.sz-goeggingen.de\/index.php?rest_route=\/wp\/v2\/pages\/500"}],"wp:featuredmedia":[{"embeddable":true,"href":"https:\/\/www.sz-goeggingen.de\/index.php?rest_route=\/wp\/v2\/media\/2659"}],"wp:attachment":[{"href":"https:\/\/www.sz-goeggingen.de\/index.php?rest_route=%2Fwp%2Fv2%2Fmedia&parent=931"}],"curies":[{"name":"wp","href":"https:\/\/api.w.org\/{rel}","templated":true}]}}